{"id":118,"date":"2024-11-07T19:12:34","date_gmt":"2024-11-07T19:12:34","guid":{"rendered":"https:\/\/tecnomobilepc.com\/?post_type=product&#038;p=118"},"modified":"2025-02-26T20:08:54","modified_gmt":"2025-02-26T20:08:54","slug":"cambiar-pantalla-iphone-14-pro-max","status":"publish","type":"product","link":"https:\/\/tecnomobilepc.com\/index.php\/producto\/cambiar-pantalla-iphone-14-pro-max\/","title":{"rendered":"Cambiar pantalla iPhone 14 Pro Max Soft Oled"},"content":{"rendered":"<p>Con la compra de este producto est\u00e1s dejando su dispositivo en manos de un experto para que quede totalmente nuevo y funcional con nuestro servicio y entrega a domicilio en un plazo de 48 y 72 horas laborables.<\/p>\n<p>Al seleccionar materiales de alta calidad y emplear tecnolog\u00edas de pantalla avanzadas, superamos las expectativas de los usuarios m\u00e1s exigentes, ofreciendo detalles n\u00edtidos y colores vibrantes que destacan en cada imagen.<\/p>\n","protected":false},"excerpt":{"rendered":"<p>Con la compra de este producto est\u00e1s dejando su dispositivo en manos de un experto para que quede totalmente nuevo y funcional con nuestro servicio y entrega a domicilio en un plazo de 48 y 72 horas laborables.<\/p>\n","protected":false},"featured_media":109,"template":"","meta":{"_et_pb_use_builder":"","_et_pb_old_content":"","_et_gb_content_width":"","_joinchat":[]},"product_brand":[],"product_cat":[114,22,23,40],"product_tag":[50,159,21,46,142,20,45,25,26],"class_list":{"0":"post-118","1":"product","2":"type-product","3":"status-publish","4":"has-post-thumbnail","6":"product_cat-pantalla-iphone-14","7":"product_cat-repara-tu-dispositivo","8":"product_cat-apple-repara-tu-dispositivo","9":"product_cat-iphone-14-pro-max","10":"product_tag-50","11":"product_tag-cambiar","12":"product_tag-iphone","13":"product_tag-max","14":"product_tag-oled","15":"product_tag-pantalla","16":"product_tag-pro","17":"product_tag-repara","18":"product_tag-reparar","20":"first","21":"instock","22":"sale","23":"shipping-taxable","24":"purchasable","25":"product-type-simple"},"yoast_head":"<!-- This site is optimized with the Yoast SEO plugin v26.6 - https:\/\/yoast.com\/wordpress\/plugins\/seo\/ -->\n<title>Cambiar pantalla iPhone 14 Pro Max Soft Oled - TecnomobilePC<\/title>\n<meta name=\"description\" content=\"Con la compra de este producto est\u00e1s dejando su dispositivo en manos de un experto para que quede totalmente nuevo y funcional con nuestro servicio y entrega a domicilio en un plazo de 48 y 72 horas laborables.\" \/>\n<meta name=\"robots\" content=\"index, follow, max-snippet:-1, max-image-preview:large, max-video-preview:-1\" \/>\n<link rel=\"canonical\" href=\"https:\/\/tecnomobilepc.com\/index.php\/producto\/cambiar-pantalla-iphone-14-pro-max\/\" \/>\n<meta property=\"og:locale\" content=\"es_ES\" \/>\n<meta property=\"og:type\" content=\"article\" \/>\n<meta property=\"og:title\" content=\"Cambiar pantalla iPhone 14 Pro Max Soft Oled - TecnomobilePC\" \/>\n<meta property=\"og:description\" content=\"Con la compra de este producto est\u00e1s dejando su dispositivo en manos de un experto para que quede totalmente nuevo y funcional con nuestro servicio y entrega a domicilio en un plazo de 48 y 72 horas laborables.\" \/>\n<meta property=\"og:url\" content=\"https:\/\/tecnomobilepc.com\/index.php\/producto\/cambiar-pantalla-iphone-14-pro-max\/\" \/>\n<meta property=\"og:site_name\" content=\"TecnomobilePC\" \/>\n<meta property=\"article:publisher\" content=\"https:\/\/www.facebook.com\/p\/TecnoMobilePC-100070504704026\/?locale=es_LA\" \/>\n<meta property=\"article:modified_time\" content=\"2025-02-26T20:08:54+00:00\" \/>\n<meta property=\"og:image\" content=\"https:\/\/tecnomobilepc.com\/wp-content\/uploads\/2024\/10\/pantalla-4.png\" \/>\n\t<meta property=\"og:image:width\" content=\"437\" \/>\n\t<meta property=\"og:image:height\" content=\"611\" \/>\n\t<meta property=\"og:image:type\" content=\"image\/png\" \/>\n<meta name=\"twitter:card\" content=\"summary_large_image\" \/>\n<meta name=\"twitter:label1\" content=\"Tiempo de lectura\" \/>\n\t<meta name=\"twitter:data1\" content=\"1 minuto\" \/>\n<script type=\"application\/ld+json\" class=\"yoast-schema-graph\">{\"@context\":\"https:\/\/schema.org\",\"@graph\":[{\"@type\":\"WebPage\",\"@id\":\"https:\/\/tecnomobilepc.com\/index.php\/producto\/cambiar-pantalla-iphone-14-pro-max\/\",\"url\":\"https:\/\/tecnomobilepc.com\/index.php\/producto\/cambiar-pantalla-iphone-14-pro-max\/\",\"name\":\"Cambiar pantalla iPhone 14 Pro Max Soft Oled - TecnomobilePC\",\"isPartOf\":{\"@id\":\"https:\/\/tecnomobilepc.com\/#website\"},\"primaryImageOfPage\":{\"@id\":\"https:\/\/tecnomobilepc.com\/index.php\/producto\/cambiar-pantalla-iphone-14-pro-max\/#primaryimage\"},\"image\":{\"@id\":\"https:\/\/tecnomobilepc.com\/index.php\/producto\/cambiar-pantalla-iphone-14-pro-max\/#primaryimage\"},\"thumbnailUrl\":\"https:\/\/tecnomobilepc.com\/wp-content\/uploads\/2024\/10\/pantalla-4.png\",\"datePublished\":\"2024-11-07T19:12:34+00:00\",\"dateModified\":\"2025-02-26T20:08:54+00:00\",\"description\":\"Con la compra de este producto est\u00e1s dejando su dispositivo en manos de un experto para que quede totalmente nuevo y funcional con nuestro servicio y entrega a domicilio en un plazo de 48 y 72 horas laborables.\",\"breadcrumb\":{\"@id\":\"https:\/\/tecnomobilepc.com\/index.php\/producto\/cambiar-pantalla-iphone-14-pro-max\/#breadcrumb\"},\"inLanguage\":\"es\",\"potentialAction\":[{\"@type\":\"ReadAction\",\"target\":[\"https:\/\/tecnomobilepc.com\/index.php\/producto\/cambiar-pantalla-iphone-14-pro-max\/\"]}]},{\"@type\":\"ImageObject\",\"inLanguage\":\"es\",\"@id\":\"https:\/\/tecnomobilepc.com\/index.php\/producto\/cambiar-pantalla-iphone-14-pro-max\/#primaryimage\",\"url\":\"https:\/\/tecnomobilepc.com\/wp-content\/uploads\/2024\/10\/pantalla-4.png\",\"contentUrl\":\"https:\/\/tecnomobilepc.com\/wp-content\/uploads\/2024\/10\/pantalla-4.png\",\"width\":437,\"height\":611,\"caption\":\"iphone 13\"},{\"@type\":\"BreadcrumbList\",\"@id\":\"https:\/\/tecnomobilepc.com\/index.php\/producto\/cambiar-pantalla-iphone-14-pro-max\/#breadcrumb\",\"itemListElement\":[{\"@type\":\"ListItem\",\"position\":1,\"name\":\"Portada\",\"item\":\"https:\/\/tecnomobilepc.com\/\"},{\"@type\":\"ListItem\",\"position\":2,\"name\":\"Tienda\",\"item\":\"https:\/\/tecnomobilepc.com\/\"},{\"@type\":\"ListItem\",\"position\":3,\"name\":\"Cambiar pantalla iPhone 14 Pro Max Soft Oled\"}]},{\"@type\":\"WebSite\",\"@id\":\"https:\/\/tecnomobilepc.com\/#website\",\"url\":\"https:\/\/tecnomobilepc.com\/\",\"name\":\"TecnomobilePC\",\"description\":\"Ofrecemos una amplia gama de productos de las mejores marcas y un servicio t&eacute;cnico especializado para mantener tus dispositivos en &oacute;ptimas condiciones.\",\"publisher\":{\"@id\":\"https:\/\/tecnomobilepc.com\/#organization\"},\"potentialAction\":[{\"@type\":\"SearchAction\",\"target\":{\"@type\":\"EntryPoint\",\"urlTemplate\":\"https:\/\/tecnomobilepc.com\/?s={search_term_string}\"},\"query-input\":{\"@type\":\"PropertyValueSpecification\",\"valueRequired\":true,\"valueName\":\"search_term_string\"}}],\"inLanguage\":\"es\"},{\"@type\":\"Organization\",\"@id\":\"https:\/\/tecnomobilepc.com\/#organization\",\"name\":\"TecnomobilePC\",\"url\":\"https:\/\/tecnomobilepc.com\/\",\"logo\":{\"@type\":\"ImageObject\",\"inLanguage\":\"es\",\"@id\":\"https:\/\/tecnomobilepc.com\/#\/schema\/logo\/image\/\",\"url\":\"https:\/\/tecnomobilepc.com\/wp-content\/uploads\/2024\/11\/cropped-WhatsApp-Image-2024-11-16-at-02.36.01.jpeg\",\"contentUrl\":\"https:\/\/tecnomobilepc.com\/wp-content\/uploads\/2024\/11\/cropped-WhatsApp-Image-2024-11-16-at-02.36.01.jpeg\",\"width\":512,\"height\":512,\"caption\":\"TecnomobilePC\"},\"image\":{\"@id\":\"https:\/\/tecnomobilepc.com\/#\/schema\/logo\/image\/\"},\"sameAs\":[\"https:\/\/www.facebook.com\/p\/TecnoMobilePC-100070504704026\/?locale=es_LA\",\"https:\/\/www.instagram.com\/tecnomobilepc\/\",\"https:\/\/www.tiktok.com\/@tecnomobilepc_\"]}]}<\/script>\n<!-- \/ Yoast SEO plugin. -->","yoast_head_json":{"title":"Cambiar pantalla iPhone 14 Pro Max Soft Oled - TecnomobilePC","description":"Con la compra de este producto est\u00e1s dejando su dispositivo en manos de un experto para que quede totalmente nuevo y funcional con nuestro servicio y entrega a domicilio en un plazo de 48 y 72 horas laborables.","robots":{"index":"index","follow":"follow","max-snippet":"max-snippet:-1","max-image-preview":"max-image-preview:large","max-video-preview":"max-video-preview:-1"},"canonical":"https:\/\/tecnomobilepc.com\/index.php\/producto\/cambiar-pantalla-iphone-14-pro-max\/","og_locale":"es_ES","og_type":"article","og_title":"Cambiar pantalla iPhone 14 Pro Max Soft Oled - TecnomobilePC","og_description":"Con la compra de este producto est\u00e1s dejando su dispositivo en manos de un experto para que quede totalmente nuevo y funcional con nuestro servicio y entrega a domicilio en un plazo de 48 y 72 horas laborables.","og_url":"https:\/\/tecnomobilepc.com\/index.php\/producto\/cambiar-pantalla-iphone-14-pro-max\/","og_site_name":"TecnomobilePC","article_publisher":"https:\/\/www.facebook.com\/p\/TecnoMobilePC-100070504704026\/?locale=es_LA","article_modified_time":"2025-02-26T20:08:54+00:00","og_image":[{"width":437,"height":611,"url":"https:\/\/tecnomobilepc.com\/wp-content\/uploads\/2024\/10\/pantalla-4.png","type":"image\/png"}],"twitter_card":"summary_large_image","twitter_misc":{"Tiempo de lectura":"1 minuto"},"schema":{"@context":"https:\/\/schema.org","@graph":[{"@type":"WebPage","@id":"https:\/\/tecnomobilepc.com\/index.php\/producto\/cambiar-pantalla-iphone-14-pro-max\/","url":"https:\/\/tecnomobilepc.com\/index.php\/producto\/cambiar-pantalla-iphone-14-pro-max\/","name":"Cambiar pantalla iPhone 14 Pro Max Soft Oled - TecnomobilePC","isPartOf":{"@id":"https:\/\/tecnomobilepc.com\/#website"},"primaryImageOfPage":{"@id":"https:\/\/tecnomobilepc.com\/index.php\/producto\/cambiar-pantalla-iphone-14-pro-max\/#primaryimage"},"image":{"@id":"https:\/\/tecnomobilepc.com\/index.php\/producto\/cambiar-pantalla-iphone-14-pro-max\/#primaryimage"},"thumbnailUrl":"https:\/\/tecnomobilepc.com\/wp-content\/uploads\/2024\/10\/pantalla-4.png","datePublished":"2024-11-07T19:12:34+00:00","dateModified":"2025-02-26T20:08:54+00:00","description":"Con la compra de este producto est\u00e1s dejando su dispositivo en manos de un experto para que quede totalmente nuevo y funcional con nuestro servicio y entrega a domicilio en un plazo de 48 y 72 horas laborables.","breadcrumb":{"@id":"https:\/\/tecnomobilepc.com\/index.php\/producto\/cambiar-pantalla-iphone-14-pro-max\/#breadcrumb"},"inLanguage":"es","potentialAction":[{"@type":"ReadAction","target":["https:\/\/tecnomobilepc.com\/index.php\/producto\/cambiar-pantalla-iphone-14-pro-max\/"]}]},{"@type":"ImageObject","inLanguage":"es","@id":"https:\/\/tecnomobilepc.com\/index.php\/producto\/cambiar-pantalla-iphone-14-pro-max\/#primaryimage","url":"https:\/\/tecnomobilepc.com\/wp-content\/uploads\/2024\/10\/pantalla-4.png","contentUrl":"https:\/\/tecnomobilepc.com\/wp-content\/uploads\/2024\/10\/pantalla-4.png","width":437,"height":611,"caption":"iphone 13"},{"@type":"BreadcrumbList","@id":"https:\/\/tecnomobilepc.com\/index.php\/producto\/cambiar-pantalla-iphone-14-pro-max\/#breadcrumb","itemListElement":[{"@type":"ListItem","position":1,"name":"Portada","item":"https:\/\/tecnomobilepc.com\/"},{"@type":"ListItem","position":2,"name":"Tienda","item":"https:\/\/tecnomobilepc.com\/"},{"@type":"ListItem","position":3,"name":"Cambiar pantalla iPhone 14 Pro Max Soft Oled"}]},{"@type":"WebSite","@id":"https:\/\/tecnomobilepc.com\/#website","url":"https:\/\/tecnomobilepc.com\/","name":"TecnomobilePC","description":"Ofrecemos una amplia gama de productos de las mejores marcas y un servicio t&eacute;cnico especializado para mantener tus dispositivos en &oacute;ptimas condiciones.","publisher":{"@id":"https:\/\/tecnomobilepc.com\/#organization"},"potentialAction":[{"@type":"SearchAction","target":{"@type":"EntryPoint","urlTemplate":"https:\/\/tecnomobilepc.com\/?s={search_term_string}"},"query-input":{"@type":"PropertyValueSpecification","valueRequired":true,"valueName":"search_term_string"}}],"inLanguage":"es"},{"@type":"Organization","@id":"https:\/\/tecnomobilepc.com\/#organization","name":"TecnomobilePC","url":"https:\/\/tecnomobilepc.com\/","logo":{"@type":"ImageObject","inLanguage":"es","@id":"https:\/\/tecnomobilepc.com\/#\/schema\/logo\/image\/","url":"https:\/\/tecnomobilepc.com\/wp-content\/uploads\/2024\/11\/cropped-WhatsApp-Image-2024-11-16-at-02.36.01.jpeg","contentUrl":"https:\/\/tecnomobilepc.com\/wp-content\/uploads\/2024\/11\/cropped-WhatsApp-Image-2024-11-16-at-02.36.01.jpeg","width":512,"height":512,"caption":"TecnomobilePC"},"image":{"@id":"https:\/\/tecnomobilepc.com\/#\/schema\/logo\/image\/"},"sameAs":["https:\/\/www.facebook.com\/p\/TecnoMobilePC-100070504704026\/?locale=es_LA","https:\/\/www.instagram.com\/tecnomobilepc\/","https:\/\/www.tiktok.com\/@tecnomobilepc_"]}]}},"_links":{"self":[{"href":"https:\/\/tecnomobilepc.com\/index.php\/wp-json\/wp\/v2\/product\/118","targetHints":{"allow":["GET"]}}],"collection":[{"href":"https:\/\/tecnomobilepc.com\/index.php\/wp-json\/wp\/v2\/product"}],"about":[{"href":"https:\/\/tecnomobilepc.com\/index.php\/wp-json\/wp\/v2\/types\/product"}],"wp:featuredmedia":[{"embeddable":true,"href":"https:\/\/tecnomobilepc.com\/index.php\/wp-json\/wp\/v2\/media\/109"}],"wp:attachment":[{"href":"https:\/\/tecnomobilepc.com\/index.php\/wp-json\/wp\/v2\/media?parent=118"}],"wp:term":[{"taxonomy":"product_brand","embeddable":true,"href":"https:\/\/tecnomobilepc.com\/index.php\/wp-json\/wp\/v2\/product_brand?post=118"},{"taxonomy":"product_cat","embeddable":true,"href":"https:\/\/tecnomobilepc.com\/index.php\/wp-json\/wp\/v2\/product_cat?post=118"},{"taxonomy":"product_tag","embeddable":true,"href":"https:\/\/tecnomobilepc.com\/index.php\/wp-json\/wp\/v2\/product_tag?post=118"}],"curies":[{"name":"wp","href":"https:\/\/api.w.org\/{rel}","templated":true}]}}