{"id":165,"date":"2024-11-07T19:12:39","date_gmt":"2024-11-07T19:12:39","guid":{"rendered":"https:\/\/tecnomobilepc.com\/?post_type=product&#038;p=165"},"modified":"2024-11-15T18:47:01","modified_gmt":"2024-11-15T18:47:01","slug":"cambiar-bateria-iphone-15-pro-max-original","status":"publish","type":"product","link":"https:\/\/tecnomobilepc.com\/index.php\/producto\/cambiar-bateria-iphone-15-pro-max-original\/","title":{"rendered":"Cambiar bater\u00eda iPhone 15 Pro Max Original"},"content":{"rendered":"<p>Con la compra de este producto est\u00e1s dejando su dispositivo en manos de un experto para que quede totalmente nuevo y funcional con nuestro servicio t\u00e9cnico con recogida y entrega a domicilio en un plazo de 2-5 d\u00edas laborables.<\/p>\n<p>Estas bater\u00edas son de pol\u00edmero de litio, que les permite tener un perfil delgado y liviano, al mismo tiempo que proporcionan una alta densidad de energ\u00eda.<\/p>\n<p>&nbsp;<\/p>\n<p>&nbsp;<\/p>\n<h3>Caracter\u00edsticas principales:<\/h3>\n<ol>\n<li><strong>Durabilidad<\/strong>: Las bater\u00edas de Apple est\u00e1n dise\u00f1adas para mantener hasta el 80% de su capacidad original despu\u00e9s de 500 ciclos de carga.<\/li>\n<li><strong>Integraci\u00f3n<\/strong>: Est\u00e1n optimizadas para funcionar en armon\u00eda con el sistema operativo, lo que permite una gesti\u00f3n eficiente de la energ\u00eda.<\/li>\n<li><strong>Carga r\u00e1pida<\/strong>: Muchos modelos son compatibles con la carga r\u00e1pida, lo que permite recargar una porci\u00f3n significativa de la bater\u00eda en poco tiempo.<\/li>\n<li><strong>Seguridad<\/strong>: Incorporan m\u00faltiples sistemas de protecci\u00f3n contra sobrecalentamiento, cortocircuitos y sobrecargas.<\/li>\n<li><strong>Rendimiento<\/strong>: Su rendimiento puede verse afectado por el uso y las condiciones ambientales, pero est\u00e1n dise\u00f1adas para ofrecer una experiencia fluida y eficiente en el uso diario.<\/li>\n<\/ol>\n","protected":false},"excerpt":{"rendered":"<p>Con la compra de este producto est\u00e1s dejando su dispositivo en manos de un experto para que quede totalmente nuevo y funcional con nuestro servicio y entrega a domicilio en un plazo de 2-5 d\u00edas laborables.<\/p>\n<p>Estas bater\u00edas son de pol\u00edmero de litio, que les permite tener un perfil delgado y liviano, al mismo tiempo que proporcionan una alta densidad de energ\u00eda.<\/p>\n","protected":false},"featured_media":164,"template":"","meta":{"_et_pb_use_builder":"","_et_pb_old_content":"","_et_gb_content_width":"","_joinchat":[]},"product_brand":[],"product_cat":[121,22,23,44],"product_tag":[52,53,21,46,73,45,25,26],"class_list":{"0":"post-165","1":"product","2":"type-product","3":"status-publish","4":"has-post-thumbnail","6":"product_cat-bateria-iphone-15-2","7":"product_cat-repara-tu-dispositivo","8":"product_cat-apple-repara-tu-dispositivo","9":"product_cat-iphone-15-pro-max","10":"product_tag-52","11":"product_tag-bateria","12":"product_tag-iphone","13":"product_tag-max","14":"product_tag-original","15":"product_tag-pro","16":"product_tag-repara","17":"product_tag-reparar","19":"first","20":"instock","21":"shipping-taxable","22":"purchasable","23":"product-type-simple"},"yoast_head":"<!-- This site is optimized with the Yoast SEO plugin v26.6 - https:\/\/yoast.com\/wordpress\/plugins\/seo\/ -->\n<title>Cambiar bater\u00eda iPhone 15 Pro Max Original - TecnomobilePC<\/title>\n<meta name=\"description\" content=\"Con la compra de este producto est\u00e1s dejando su dispositivo en manos de un experto para que quede totalmente nuevo y funcional con nuestro servicio y entrega a domicilio en un plazo de 2-5 d\u00edas laborables. Estas bater\u00edas son de pol\u00edmero de litio, que les permite tener un perfil delgado y liviano, al mismo tiempo que proporcionan una alta densidad de energ\u00eda.\" \/>\n<meta name=\"robots\" content=\"index, follow, max-snippet:-1, max-image-preview:large, max-video-preview:-1\" \/>\n<link rel=\"canonical\" href=\"https:\/\/tecnomobilepc.com\/index.php\/producto\/cambiar-bateria-iphone-15-pro-max-original\/\" \/>\n<meta property=\"og:locale\" content=\"es_ES\" \/>\n<meta property=\"og:type\" content=\"article\" \/>\n<meta property=\"og:title\" content=\"Cambiar bater\u00eda iPhone 15 Pro Max Original - TecnomobilePC\" \/>\n<meta property=\"og:description\" content=\"Con la compra de este producto est\u00e1s dejando su dispositivo en manos de un experto para que quede totalmente nuevo y funcional con nuestro servicio y entrega a domicilio en un plazo de 2-5 d\u00edas laborables. Estas bater\u00edas son de pol\u00edmero de litio, que les permite tener un perfil delgado y liviano, al mismo tiempo que proporcionan una alta densidad de energ\u00eda.\" \/>\n<meta property=\"og:url\" content=\"https:\/\/tecnomobilepc.com\/index.php\/producto\/cambiar-bateria-iphone-15-pro-max-original\/\" \/>\n<meta property=\"og:site_name\" content=\"TecnomobilePC\" \/>\n<meta property=\"article:publisher\" content=\"https:\/\/www.facebook.com\/p\/TecnoMobilePC-100070504704026\/?locale=es_LA\" \/>\n<meta property=\"article:modified_time\" content=\"2024-11-15T18:47:01+00:00\" \/>\n<meta property=\"og:image\" content=\"https:\/\/tecnomobilepc.com\/wp-content\/uploads\/2024\/10\/bateria-original-7.png\" \/>\n\t<meta property=\"og:image:width\" content=\"545\" \/>\n\t<meta property=\"og:image:height\" content=\"460\" \/>\n\t<meta property=\"og:image:type\" content=\"image\/png\" \/>\n<meta name=\"twitter:card\" content=\"summary_large_image\" \/>\n<meta name=\"twitter:label1\" content=\"Tiempo de lectura\" \/>\n\t<meta name=\"twitter:data1\" content=\"1 minuto\" \/>\n<script type=\"application\/ld+json\" class=\"yoast-schema-graph\">{\"@context\":\"https:\/\/schema.org\",\"@graph\":[{\"@type\":\"WebPage\",\"@id\":\"https:\/\/tecnomobilepc.com\/index.php\/producto\/cambiar-bateria-iphone-15-pro-max-original\/\",\"url\":\"https:\/\/tecnomobilepc.com\/index.php\/producto\/cambiar-bateria-iphone-15-pro-max-original\/\",\"name\":\"Cambiar bater\u00eda iPhone 15 Pro Max Original - TecnomobilePC\",\"isPartOf\":{\"@id\":\"https:\/\/tecnomobilepc.com\/#website\"},\"primaryImageOfPage\":{\"@id\":\"https:\/\/tecnomobilepc.com\/index.php\/producto\/cambiar-bateria-iphone-15-pro-max-original\/#primaryimage\"},\"image\":{\"@id\":\"https:\/\/tecnomobilepc.com\/index.php\/producto\/cambiar-bateria-iphone-15-pro-max-original\/#primaryimage\"},\"thumbnailUrl\":\"https:\/\/tecnomobilepc.com\/wp-content\/uploads\/2024\/10\/bateria-original-7.png\",\"datePublished\":\"2024-11-07T19:12:39+00:00\",\"dateModified\":\"2024-11-15T18:47:01+00:00\",\"description\":\"Con la compra de este producto est\u00e1s dejando su dispositivo en manos de un experto para que quede totalmente nuevo y funcional con nuestro servicio y entrega a domicilio en un plazo de 2-5 d\u00edas laborables. Estas bater\u00edas son de pol\u00edmero de litio, que les permite tener un perfil delgado y liviano, al mismo tiempo que proporcionan una alta densidad de energ\u00eda.\",\"breadcrumb\":{\"@id\":\"https:\/\/tecnomobilepc.com\/index.php\/producto\/cambiar-bateria-iphone-15-pro-max-original\/#breadcrumb\"},\"inLanguage\":\"es\",\"potentialAction\":[{\"@type\":\"ReadAction\",\"target\":[\"https:\/\/tecnomobilepc.com\/index.php\/producto\/cambiar-bateria-iphone-15-pro-max-original\/\"]}]},{\"@type\":\"ImageObject\",\"inLanguage\":\"es\",\"@id\":\"https:\/\/tecnomobilepc.com\/index.php\/producto\/cambiar-bateria-iphone-15-pro-max-original\/#primaryimage\",\"url\":\"https:\/\/tecnomobilepc.com\/wp-content\/uploads\/2024\/10\/bateria-original-7.png\",\"contentUrl\":\"https:\/\/tecnomobilepc.com\/wp-content\/uploads\/2024\/10\/bateria-original-7.png\",\"width\":545,\"height\":460,\"caption\":\"15 pro \/ PM\"},{\"@type\":\"BreadcrumbList\",\"@id\":\"https:\/\/tecnomobilepc.com\/index.php\/producto\/cambiar-bateria-iphone-15-pro-max-original\/#breadcrumb\",\"itemListElement\":[{\"@type\":\"ListItem\",\"position\":1,\"name\":\"Portada\",\"item\":\"https:\/\/tecnomobilepc.com\/\"},{\"@type\":\"ListItem\",\"position\":2,\"name\":\"Tienda\",\"item\":\"https:\/\/tecnomobilepc.com\/\"},{\"@type\":\"ListItem\",\"position\":3,\"name\":\"Cambiar bater\u00eda iPhone 15 Pro Max Original\"}]},{\"@type\":\"WebSite\",\"@id\":\"https:\/\/tecnomobilepc.com\/#website\",\"url\":\"https:\/\/tecnomobilepc.com\/\",\"name\":\"TecnomobilePC\",\"description\":\"Ofrecemos una amplia gama de productos de las mejores marcas y un servicio t&eacute;cnico especializado para mantener tus dispositivos en &oacute;ptimas condiciones.\",\"publisher\":{\"@id\":\"https:\/\/tecnomobilepc.com\/#organization\"},\"potentialAction\":[{\"@type\":\"SearchAction\",\"target\":{\"@type\":\"EntryPoint\",\"urlTemplate\":\"https:\/\/tecnomobilepc.com\/?s={search_term_string}\"},\"query-input\":{\"@type\":\"PropertyValueSpecification\",\"valueRequired\":true,\"valueName\":\"search_term_string\"}}],\"inLanguage\":\"es\"},{\"@type\":\"Organization\",\"@id\":\"https:\/\/tecnomobilepc.com\/#organization\",\"name\":\"TecnomobilePC\",\"url\":\"https:\/\/tecnomobilepc.com\/\",\"logo\":{\"@type\":\"ImageObject\",\"inLanguage\":\"es\",\"@id\":\"https:\/\/tecnomobilepc.com\/#\/schema\/logo\/image\/\",\"url\":\"https:\/\/tecnomobilepc.com\/wp-content\/uploads\/2024\/11\/cropped-WhatsApp-Image-2024-11-16-at-02.36.01.jpeg\",\"contentUrl\":\"https:\/\/tecnomobilepc.com\/wp-content\/uploads\/2024\/11\/cropped-WhatsApp-Image-2024-11-16-at-02.36.01.jpeg\",\"width\":512,\"height\":512,\"caption\":\"TecnomobilePC\"},\"image\":{\"@id\":\"https:\/\/tecnomobilepc.com\/#\/schema\/logo\/image\/\"},\"sameAs\":[\"https:\/\/www.facebook.com\/p\/TecnoMobilePC-100070504704026\/?locale=es_LA\",\"https:\/\/www.instagram.com\/tecnomobilepc\/\",\"https:\/\/www.tiktok.com\/@tecnomobilepc_\"]}]}<\/script>\n<!-- \/ Yoast SEO plugin. -->","yoast_head_json":{"title":"Cambiar bater\u00eda iPhone 15 Pro Max Original - TecnomobilePC","description":"Con la compra de este producto est\u00e1s dejando su dispositivo en manos de un experto para que quede totalmente nuevo y funcional con nuestro servicio y entrega a domicilio en un plazo de 2-5 d\u00edas laborables. Estas bater\u00edas son de pol\u00edmero de litio, que les permite tener un perfil delgado y liviano, al mismo tiempo que proporcionan una alta densidad de energ\u00eda.","robots":{"index":"index","follow":"follow","max-snippet":"max-snippet:-1","max-image-preview":"max-image-preview:large","max-video-preview":"max-video-preview:-1"},"canonical":"https:\/\/tecnomobilepc.com\/index.php\/producto\/cambiar-bateria-iphone-15-pro-max-original\/","og_locale":"es_ES","og_type":"article","og_title":"Cambiar bater\u00eda iPhone 15 Pro Max Original - TecnomobilePC","og_description":"Con la compra de este producto est\u00e1s dejando su dispositivo en manos de un experto para que quede totalmente nuevo y funcional con nuestro servicio y entrega a domicilio en un plazo de 2-5 d\u00edas laborables. Estas bater\u00edas son de pol\u00edmero de litio, que les permite tener un perfil delgado y liviano, al mismo tiempo que proporcionan una alta densidad de energ\u00eda.","og_url":"https:\/\/tecnomobilepc.com\/index.php\/producto\/cambiar-bateria-iphone-15-pro-max-original\/","og_site_name":"TecnomobilePC","article_publisher":"https:\/\/www.facebook.com\/p\/TecnoMobilePC-100070504704026\/?locale=es_LA","article_modified_time":"2024-11-15T18:47:01+00:00","og_image":[{"width":545,"height":460,"url":"https:\/\/tecnomobilepc.com\/wp-content\/uploads\/2024\/10\/bateria-original-7.png","type":"image\/png"}],"twitter_card":"summary_large_image","twitter_misc":{"Tiempo de lectura":"1 minuto"},"schema":{"@context":"https:\/\/schema.org","@graph":[{"@type":"WebPage","@id":"https:\/\/tecnomobilepc.com\/index.php\/producto\/cambiar-bateria-iphone-15-pro-max-original\/","url":"https:\/\/tecnomobilepc.com\/index.php\/producto\/cambiar-bateria-iphone-15-pro-max-original\/","name":"Cambiar bater\u00eda iPhone 15 Pro Max Original - TecnomobilePC","isPartOf":{"@id":"https:\/\/tecnomobilepc.com\/#website"},"primaryImageOfPage":{"@id":"https:\/\/tecnomobilepc.com\/index.php\/producto\/cambiar-bateria-iphone-15-pro-max-original\/#primaryimage"},"image":{"@id":"https:\/\/tecnomobilepc.com\/index.php\/producto\/cambiar-bateria-iphone-15-pro-max-original\/#primaryimage"},"thumbnailUrl":"https:\/\/tecnomobilepc.com\/wp-content\/uploads\/2024\/10\/bateria-original-7.png","datePublished":"2024-11-07T19:12:39+00:00","dateModified":"2024-11-15T18:47:01+00:00","description":"Con la compra de este producto est\u00e1s dejando su dispositivo en manos de un experto para que quede totalmente nuevo y funcional con nuestro servicio y entrega a domicilio en un plazo de 2-5 d\u00edas laborables. Estas bater\u00edas son de pol\u00edmero de litio, que les permite tener un perfil delgado y liviano, al mismo tiempo que proporcionan una alta densidad de energ\u00eda.","breadcrumb":{"@id":"https:\/\/tecnomobilepc.com\/index.php\/producto\/cambiar-bateria-iphone-15-pro-max-original\/#breadcrumb"},"inLanguage":"es","potentialAction":[{"@type":"ReadAction","target":["https:\/\/tecnomobilepc.com\/index.php\/producto\/cambiar-bateria-iphone-15-pro-max-original\/"]}]},{"@type":"ImageObject","inLanguage":"es","@id":"https:\/\/tecnomobilepc.com\/index.php\/producto\/cambiar-bateria-iphone-15-pro-max-original\/#primaryimage","url":"https:\/\/tecnomobilepc.com\/wp-content\/uploads\/2024\/10\/bateria-original-7.png","contentUrl":"https:\/\/tecnomobilepc.com\/wp-content\/uploads\/2024\/10\/bateria-original-7.png","width":545,"height":460,"caption":"15 pro \/ PM"},{"@type":"BreadcrumbList","@id":"https:\/\/tecnomobilepc.com\/index.php\/producto\/cambiar-bateria-iphone-15-pro-max-original\/#breadcrumb","itemListElement":[{"@type":"ListItem","position":1,"name":"Portada","item":"https:\/\/tecnomobilepc.com\/"},{"@type":"ListItem","position":2,"name":"Tienda","item":"https:\/\/tecnomobilepc.com\/"},{"@type":"ListItem","position":3,"name":"Cambiar bater\u00eda iPhone 15 Pro Max Original"}]},{"@type":"WebSite","@id":"https:\/\/tecnomobilepc.com\/#website","url":"https:\/\/tecnomobilepc.com\/","name":"TecnomobilePC","description":"Ofrecemos una amplia gama de productos de las mejores marcas y un servicio t&eacute;cnico especializado para mantener tus dispositivos en &oacute;ptimas condiciones.","publisher":{"@id":"https:\/\/tecnomobilepc.com\/#organization"},"potentialAction":[{"@type":"SearchAction","target":{"@type":"EntryPoint","urlTemplate":"https:\/\/tecnomobilepc.com\/?s={search_term_string}"},"query-input":{"@type":"PropertyValueSpecification","valueRequired":true,"valueName":"search_term_string"}}],"inLanguage":"es"},{"@type":"Organization","@id":"https:\/\/tecnomobilepc.com\/#organization","name":"TecnomobilePC","url":"https:\/\/tecnomobilepc.com\/","logo":{"@type":"ImageObject","inLanguage":"es","@id":"https:\/\/tecnomobilepc.com\/#\/schema\/logo\/image\/","url":"https:\/\/tecnomobilepc.com\/wp-content\/uploads\/2024\/11\/cropped-WhatsApp-Image-2024-11-16-at-02.36.01.jpeg","contentUrl":"https:\/\/tecnomobilepc.com\/wp-content\/uploads\/2024\/11\/cropped-WhatsApp-Image-2024-11-16-at-02.36.01.jpeg","width":512,"height":512,"caption":"TecnomobilePC"},"image":{"@id":"https:\/\/tecnomobilepc.com\/#\/schema\/logo\/image\/"},"sameAs":["https:\/\/www.facebook.com\/p\/TecnoMobilePC-100070504704026\/?locale=es_LA","https:\/\/www.instagram.com\/tecnomobilepc\/","https:\/\/www.tiktok.com\/@tecnomobilepc_"]}]}},"_links":{"self":[{"href":"https:\/\/tecnomobilepc.com\/index.php\/wp-json\/wp\/v2\/product\/165","targetHints":{"allow":["GET"]}}],"collection":[{"href":"https:\/\/tecnomobilepc.com\/index.php\/wp-json\/wp\/v2\/product"}],"about":[{"href":"https:\/\/tecnomobilepc.com\/index.php\/wp-json\/wp\/v2\/types\/product"}],"wp:featuredmedia":[{"embeddable":true,"href":"https:\/\/tecnomobilepc.com\/index.php\/wp-json\/wp\/v2\/media\/164"}],"wp:attachment":[{"href":"https:\/\/tecnomobilepc.com\/index.php\/wp-json\/wp\/v2\/media?parent=165"}],"wp:term":[{"taxonomy":"product_brand","embeddable":true,"href":"https:\/\/tecnomobilepc.com\/index.php\/wp-json\/wp\/v2\/product_brand?post=165"},{"taxonomy":"product_cat","embeddable":true,"href":"https:\/\/tecnomobilepc.com\/index.php\/wp-json\/wp\/v2\/product_cat?post=165"},{"taxonomy":"product_tag","embeddable":true,"href":"https:\/\/tecnomobilepc.com\/index.php\/wp-json\/wp\/v2\/product_tag?post=165"}],"curies":[{"name":"wp","href":"https:\/\/api.w.org\/{rel}","templated":true}]}}