{"id":174,"date":"2024-11-07T19:12:39","date_gmt":"2024-11-07T19:12:39","guid":{"rendered":"https:\/\/tecnomobilepc.com\/?post_type=product&#038;p=174"},"modified":"2025-02-26T14:04:26","modified_gmt":"2025-02-26T14:04:26","slug":"tapa-trasera-iphone-11-pro-facil-instalacion","status":"publish","type":"product","link":"https:\/\/tecnomobilepc.com\/index.php\/producto\/tapa-trasera-iphone-11-pro-facil-instalacion\/","title":{"rendered":"Tapa trasera iPhone 11 Pro (facil instalacion)"},"content":{"rendered":"<p><strong>Repuesto Tapa trasera iPhone 11 Pro (f\u00e1cil instalaci\u00f3n)<\/strong><\/p>\n<p><strong>Tapa trasera de alta calidad<\/strong>\u00a0para\u00a0<strong>iPhone 11 Pro <\/strong>de f\u00e1cil instalaci\u00f3n, con los orificios de las c\u00e1maras traseras ligeramente mas anchos.<\/p>\n<p>Recambio de\u00a0<b>tapa trasera, tambi\u00e9n llamada tapa de bater\u00eda<\/b> para su iPhone 11 Pro. Indicado cuando la tapa trasera de su iPhone 11 Pro se ha roto, agrietado o se ha deteriorado con el uso o el paso del tiempo.<\/p>\n<p>Esta tapa trasera es de excepcional calidad, de fabricaci\u00f3n similar a la original. Revise la imagen del producto para informarse del color y caracter\u00edsticas de la tapa.<\/p>\n","protected":false},"excerpt":{"rendered":"<p><strong>Repuesto Tapa trasera iPhone 11 Pro (f\u00e1cil instalaci\u00f3n)<\/strong><\/p>\n<p><strong>Tapa trasera de alta calidad<\/strong>\u00a0para\u00a0<strong>iPhone 11 Pro <\/strong>de f\u00e1cil instalaci\u00f3n, con los orificios de las c\u00e1maras traseras ligeramente mas anchos.<\/p>\n","protected":false},"featured_media":188,"template":"","meta":{"_et_pb_use_builder":"","_et_pb_old_content":"","_et_gb_content_width":"","_joinchat":[]},"product_brand":[],"product_cat":[135,56],"product_tag":[27,69,21,45,74,75],"class_list":{"0":"post-174","1":"product","2":"type-product","3":"status-publish","4":"has-post-thumbnail","6":"product_cat-repuesto-tapa-iphone-11","7":"product_cat-iphone-11-pro-apple","8":"product_tag-27","9":"product_tag-calidad","10":"product_tag-iphone","11":"product_tag-pro","12":"product_tag-tapa","13":"product_tag-trasera","15":"first","16":"instock","17":"shipping-taxable","18":"purchasable","19":"product-type-variable"},"yoast_head":"<!-- This site is optimized with the Yoast SEO plugin v26.6 - https:\/\/yoast.com\/wordpress\/plugins\/seo\/ -->\n<title>Tapa trasera iPhone 11 Pro (facil instalacion) - TecnomobilePC<\/title>\n<meta name=\"description\" content=\"Repuesto Tapa trasera iPhone 11 Pro (f\u00e1cil instalaci\u00f3n)Tapa trasera de alta calidad\u00a0para\u00a0iPhone 11 Pro\u00a0de f\u00e1cil instalaci\u00f3n, con los orificios de las c\u00e1maras traseras ligeramente mas anchos.\" \/>\n<meta name=\"robots\" content=\"index, follow, max-snippet:-1, max-image-preview:large, max-video-preview:-1\" \/>\n<link rel=\"canonical\" href=\"https:\/\/tecnomobilepc.com\/index.php\/producto\/tapa-trasera-iphone-11-pro-facil-instalacion\/\" \/>\n<meta property=\"og:locale\" content=\"es_ES\" \/>\n<meta property=\"og:type\" content=\"article\" \/>\n<meta property=\"og:title\" content=\"Tapa trasera iPhone 11 Pro (facil instalacion) - TecnomobilePC\" \/>\n<meta property=\"og:description\" content=\"Repuesto Tapa trasera iPhone 11 Pro (f\u00e1cil instalaci\u00f3n)Tapa trasera de alta calidad\u00a0para\u00a0iPhone 11 Pro\u00a0de f\u00e1cil instalaci\u00f3n, con los orificios de las c\u00e1maras traseras ligeramente mas anchos.\" \/>\n<meta property=\"og:url\" content=\"https:\/\/tecnomobilepc.com\/index.php\/producto\/tapa-trasera-iphone-11-pro-facil-instalacion\/\" \/>\n<meta property=\"og:site_name\" content=\"TecnomobilePC\" \/>\n<meta property=\"article:publisher\" content=\"https:\/\/www.facebook.com\/p\/TecnoMobilePC-100070504704026\/?locale=es_LA\" \/>\n<meta property=\"article:modified_time\" content=\"2025-02-26T14:04:26+00:00\" \/>\n<meta property=\"og:image\" content=\"https:\/\/tecnomobilepc.com\/wp-content\/uploads\/2024\/10\/tapa-traserea.png\" \/>\n\t<meta property=\"og:image:width\" content=\"567\" \/>\n\t<meta property=\"og:image:height\" content=\"546\" \/>\n\t<meta property=\"og:image:type\" content=\"image\/png\" \/>\n<meta name=\"twitter:card\" content=\"summary_large_image\" \/>\n<meta name=\"twitter:label1\" content=\"Tiempo de lectura\" \/>\n\t<meta name=\"twitter:data1\" content=\"1 minuto\" \/>\n<script type=\"application\/ld+json\" class=\"yoast-schema-graph\">{\"@context\":\"https:\/\/schema.org\",\"@graph\":[{\"@type\":\"WebPage\",\"@id\":\"https:\/\/tecnomobilepc.com\/index.php\/producto\/tapa-trasera-iphone-11-pro-facil-instalacion\/\",\"url\":\"https:\/\/tecnomobilepc.com\/index.php\/producto\/tapa-trasera-iphone-11-pro-facil-instalacion\/\",\"name\":\"Tapa trasera iPhone 11 Pro (facil instalacion) - TecnomobilePC\",\"isPartOf\":{\"@id\":\"https:\/\/tecnomobilepc.com\/#website\"},\"primaryImageOfPage\":{\"@id\":\"https:\/\/tecnomobilepc.com\/index.php\/producto\/tapa-trasera-iphone-11-pro-facil-instalacion\/#primaryimage\"},\"image\":{\"@id\":\"https:\/\/tecnomobilepc.com\/index.php\/producto\/tapa-trasera-iphone-11-pro-facil-instalacion\/#primaryimage\"},\"thumbnailUrl\":\"https:\/\/tecnomobilepc.com\/wp-content\/uploads\/2024\/10\/tapa-traserea.png\",\"datePublished\":\"2024-11-07T19:12:39+00:00\",\"dateModified\":\"2025-02-26T14:04:26+00:00\",\"description\":\"Repuesto Tapa trasera iPhone 11 Pro (f\u00e1cil instalaci\u00f3n)Tapa trasera de alta calidad\u00a0para\u00a0iPhone 11 Pro\u00a0de f\u00e1cil instalaci\u00f3n, con los orificios de las c\u00e1maras traseras ligeramente mas anchos.\",\"breadcrumb\":{\"@id\":\"https:\/\/tecnomobilepc.com\/index.php\/producto\/tapa-trasera-iphone-11-pro-facil-instalacion\/#breadcrumb\"},\"inLanguage\":\"es\",\"potentialAction\":[{\"@type\":\"ReadAction\",\"target\":[\"https:\/\/tecnomobilepc.com\/index.php\/producto\/tapa-trasera-iphone-11-pro-facil-instalacion\/\"]}]},{\"@type\":\"ImageObject\",\"inLanguage\":\"es\",\"@id\":\"https:\/\/tecnomobilepc.com\/index.php\/producto\/tapa-trasera-iphone-11-pro-facil-instalacion\/#primaryimage\",\"url\":\"https:\/\/tecnomobilepc.com\/wp-content\/uploads\/2024\/10\/tapa-traserea.png\",\"contentUrl\":\"https:\/\/tecnomobilepc.com\/wp-content\/uploads\/2024\/10\/tapa-traserea.png\",\"width\":567,\"height\":546,\"caption\":\"11 pro \/ PM\"},{\"@type\":\"BreadcrumbList\",\"@id\":\"https:\/\/tecnomobilepc.com\/index.php\/producto\/tapa-trasera-iphone-11-pro-facil-instalacion\/#breadcrumb\",\"itemListElement\":[{\"@type\":\"ListItem\",\"position\":1,\"name\":\"Portada\",\"item\":\"https:\/\/tecnomobilepc.com\/\"},{\"@type\":\"ListItem\",\"position\":2,\"name\":\"Tienda\",\"item\":\"https:\/\/tecnomobilepc.com\/\"},{\"@type\":\"ListItem\",\"position\":3,\"name\":\"Tapa trasera iPhone 11 Pro (facil instalacion)\"}]},{\"@type\":\"WebSite\",\"@id\":\"https:\/\/tecnomobilepc.com\/#website\",\"url\":\"https:\/\/tecnomobilepc.com\/\",\"name\":\"TecnomobilePC\",\"description\":\"Ofrecemos una amplia gama de productos de las mejores marcas y un servicio t&eacute;cnico especializado para mantener tus dispositivos en &oacute;ptimas condiciones.\",\"publisher\":{\"@id\":\"https:\/\/tecnomobilepc.com\/#organization\"},\"potentialAction\":[{\"@type\":\"SearchAction\",\"target\":{\"@type\":\"EntryPoint\",\"urlTemplate\":\"https:\/\/tecnomobilepc.com\/?s={search_term_string}\"},\"query-input\":{\"@type\":\"PropertyValueSpecification\",\"valueRequired\":true,\"valueName\":\"search_term_string\"}}],\"inLanguage\":\"es\"},{\"@type\":\"Organization\",\"@id\":\"https:\/\/tecnomobilepc.com\/#organization\",\"name\":\"TecnomobilePC\",\"url\":\"https:\/\/tecnomobilepc.com\/\",\"logo\":{\"@type\":\"ImageObject\",\"inLanguage\":\"es\",\"@id\":\"https:\/\/tecnomobilepc.com\/#\/schema\/logo\/image\/\",\"url\":\"https:\/\/tecnomobilepc.com\/wp-content\/uploads\/2024\/11\/cropped-WhatsApp-Image-2024-11-16-at-02.36.01.jpeg\",\"contentUrl\":\"https:\/\/tecnomobilepc.com\/wp-content\/uploads\/2024\/11\/cropped-WhatsApp-Image-2024-11-16-at-02.36.01.jpeg\",\"width\":512,\"height\":512,\"caption\":\"TecnomobilePC\"},\"image\":{\"@id\":\"https:\/\/tecnomobilepc.com\/#\/schema\/logo\/image\/\"},\"sameAs\":[\"https:\/\/www.facebook.com\/p\/TecnoMobilePC-100070504704026\/?locale=es_LA\",\"https:\/\/www.instagram.com\/tecnomobilepc\/\",\"https:\/\/www.tiktok.com\/@tecnomobilepc_\"]}]}<\/script>\n<!-- \/ Yoast SEO plugin. -->","yoast_head_json":{"title":"Tapa trasera iPhone 11 Pro (facil instalacion) - TecnomobilePC","description":"Repuesto Tapa trasera iPhone 11 Pro (f\u00e1cil instalaci\u00f3n)Tapa trasera de alta calidad\u00a0para\u00a0iPhone 11 Pro\u00a0de f\u00e1cil instalaci\u00f3n, con los orificios de las c\u00e1maras traseras ligeramente mas anchos.","robots":{"index":"index","follow":"follow","max-snippet":"max-snippet:-1","max-image-preview":"max-image-preview:large","max-video-preview":"max-video-preview:-1"},"canonical":"https:\/\/tecnomobilepc.com\/index.php\/producto\/tapa-trasera-iphone-11-pro-facil-instalacion\/","og_locale":"es_ES","og_type":"article","og_title":"Tapa trasera iPhone 11 Pro (facil instalacion) - TecnomobilePC","og_description":"Repuesto Tapa trasera iPhone 11 Pro (f\u00e1cil instalaci\u00f3n)Tapa trasera de alta calidad\u00a0para\u00a0iPhone 11 Pro\u00a0de f\u00e1cil instalaci\u00f3n, con los orificios de las c\u00e1maras traseras ligeramente mas anchos.","og_url":"https:\/\/tecnomobilepc.com\/index.php\/producto\/tapa-trasera-iphone-11-pro-facil-instalacion\/","og_site_name":"TecnomobilePC","article_publisher":"https:\/\/www.facebook.com\/p\/TecnoMobilePC-100070504704026\/?locale=es_LA","article_modified_time":"2025-02-26T14:04:26+00:00","og_image":[{"width":567,"height":546,"url":"https:\/\/tecnomobilepc.com\/wp-content\/uploads\/2024\/10\/tapa-traserea.png","type":"image\/png"}],"twitter_card":"summary_large_image","twitter_misc":{"Tiempo de lectura":"1 minuto"},"schema":{"@context":"https:\/\/schema.org","@graph":[{"@type":"WebPage","@id":"https:\/\/tecnomobilepc.com\/index.php\/producto\/tapa-trasera-iphone-11-pro-facil-instalacion\/","url":"https:\/\/tecnomobilepc.com\/index.php\/producto\/tapa-trasera-iphone-11-pro-facil-instalacion\/","name":"Tapa trasera iPhone 11 Pro (facil instalacion) - TecnomobilePC","isPartOf":{"@id":"https:\/\/tecnomobilepc.com\/#website"},"primaryImageOfPage":{"@id":"https:\/\/tecnomobilepc.com\/index.php\/producto\/tapa-trasera-iphone-11-pro-facil-instalacion\/#primaryimage"},"image":{"@id":"https:\/\/tecnomobilepc.com\/index.php\/producto\/tapa-trasera-iphone-11-pro-facil-instalacion\/#primaryimage"},"thumbnailUrl":"https:\/\/tecnomobilepc.com\/wp-content\/uploads\/2024\/10\/tapa-traserea.png","datePublished":"2024-11-07T19:12:39+00:00","dateModified":"2025-02-26T14:04:26+00:00","description":"Repuesto Tapa trasera iPhone 11 Pro (f\u00e1cil instalaci\u00f3n)Tapa trasera de alta calidad\u00a0para\u00a0iPhone 11 Pro\u00a0de f\u00e1cil instalaci\u00f3n, con los orificios de las c\u00e1maras traseras ligeramente mas anchos.","breadcrumb":{"@id":"https:\/\/tecnomobilepc.com\/index.php\/producto\/tapa-trasera-iphone-11-pro-facil-instalacion\/#breadcrumb"},"inLanguage":"es","potentialAction":[{"@type":"ReadAction","target":["https:\/\/tecnomobilepc.com\/index.php\/producto\/tapa-trasera-iphone-11-pro-facil-instalacion\/"]}]},{"@type":"ImageObject","inLanguage":"es","@id":"https:\/\/tecnomobilepc.com\/index.php\/producto\/tapa-trasera-iphone-11-pro-facil-instalacion\/#primaryimage","url":"https:\/\/tecnomobilepc.com\/wp-content\/uploads\/2024\/10\/tapa-traserea.png","contentUrl":"https:\/\/tecnomobilepc.com\/wp-content\/uploads\/2024\/10\/tapa-traserea.png","width":567,"height":546,"caption":"11 pro \/ PM"},{"@type":"BreadcrumbList","@id":"https:\/\/tecnomobilepc.com\/index.php\/producto\/tapa-trasera-iphone-11-pro-facil-instalacion\/#breadcrumb","itemListElement":[{"@type":"ListItem","position":1,"name":"Portada","item":"https:\/\/tecnomobilepc.com\/"},{"@type":"ListItem","position":2,"name":"Tienda","item":"https:\/\/tecnomobilepc.com\/"},{"@type":"ListItem","position":3,"name":"Tapa trasera iPhone 11 Pro (facil instalacion)"}]},{"@type":"WebSite","@id":"https:\/\/tecnomobilepc.com\/#website","url":"https:\/\/tecnomobilepc.com\/","name":"TecnomobilePC","description":"Ofrecemos una amplia gama de productos de las mejores marcas y un servicio t&eacute;cnico especializado para mantener tus dispositivos en &oacute;ptimas condiciones.","publisher":{"@id":"https:\/\/tecnomobilepc.com\/#organization"},"potentialAction":[{"@type":"SearchAction","target":{"@type":"EntryPoint","urlTemplate":"https:\/\/tecnomobilepc.com\/?s={search_term_string}"},"query-input":{"@type":"PropertyValueSpecification","valueRequired":true,"valueName":"search_term_string"}}],"inLanguage":"es"},{"@type":"Organization","@id":"https:\/\/tecnomobilepc.com\/#organization","name":"TecnomobilePC","url":"https:\/\/tecnomobilepc.com\/","logo":{"@type":"ImageObject","inLanguage":"es","@id":"https:\/\/tecnomobilepc.com\/#\/schema\/logo\/image\/","url":"https:\/\/tecnomobilepc.com\/wp-content\/uploads\/2024\/11\/cropped-WhatsApp-Image-2024-11-16-at-02.36.01.jpeg","contentUrl":"https:\/\/tecnomobilepc.com\/wp-content\/uploads\/2024\/11\/cropped-WhatsApp-Image-2024-11-16-at-02.36.01.jpeg","width":512,"height":512,"caption":"TecnomobilePC"},"image":{"@id":"https:\/\/tecnomobilepc.com\/#\/schema\/logo\/image\/"},"sameAs":["https:\/\/www.facebook.com\/p\/TecnoMobilePC-100070504704026\/?locale=es_LA","https:\/\/www.instagram.com\/tecnomobilepc\/","https:\/\/www.tiktok.com\/@tecnomobilepc_"]}]}},"_links":{"self":[{"href":"https:\/\/tecnomobilepc.com\/index.php\/wp-json\/wp\/v2\/product\/174","targetHints":{"allow":["GET"]}}],"collection":[{"href":"https:\/\/tecnomobilepc.com\/index.php\/wp-json\/wp\/v2\/product"}],"about":[{"href":"https:\/\/tecnomobilepc.com\/index.php\/wp-json\/wp\/v2\/types\/product"}],"wp:featuredmedia":[{"embeddable":true,"href":"https:\/\/tecnomobilepc.com\/index.php\/wp-json\/wp\/v2\/media\/188"}],"wp:attachment":[{"href":"https:\/\/tecnomobilepc.com\/index.php\/wp-json\/wp\/v2\/media?parent=174"}],"wp:term":[{"taxonomy":"product_brand","embeddable":true,"href":"https:\/\/tecnomobilepc.com\/index.php\/wp-json\/wp\/v2\/product_brand?post=174"},{"taxonomy":"product_cat","embeddable":true,"href":"https:\/\/tecnomobilepc.com\/index.php\/wp-json\/wp\/v2\/product_cat?post=174"},{"taxonomy":"product_tag","embeddable":true,"href":"https:\/\/tecnomobilepc.com\/index.php\/wp-json\/wp\/v2\/product_tag?post=174"}],"curies":[{"name":"wp","href":"https:\/\/api.w.org\/{rel}","templated":true}]}}