{"id":453,"date":"2024-11-07T19:12:46","date_gmt":"2024-11-07T19:12:46","guid":{"rendered":"https:\/\/tecnomobilepc.com\/?post_type=product&#038;p=453"},"modified":"2024-11-07T19:12:46","modified_gmt":"2024-11-07T19:12:46","slug":"portatil-reacondicionado-hp-elitebook-830-g6-13-3-i5-8th-8gb-256gb-windows-10-pro","status":"publish","type":"product","link":"https:\/\/tecnomobilepc.com\/index.php\/producto\/portatil-reacondicionado-hp-elitebook-830-g6-13-3-i5-8th-8gb-256gb-windows-10-pro\/","title":{"rendered":"Portatil Reacondicionado HP Elitebook 830 G6 13.3&#8243; \/ i5-8TH \/ 8Gb \/ 256Gb \/ Windows 10 Pro"},"content":{"rendered":"<p align=\"CENTER\">Equipo Port\u00e1til de ocasi\u00f3n HP Elitebook 830 G6 13.3&#8243; \/ i5-8TH \/ 8Gb \/ 256Gb \/ Teclado Espa\u00f1ol \/ Windows 10 Pro<\/p>\n<p>Marca: HP<\/p>\n<p>Modelo: EliteBook 830 G6<\/p>\n<p>Pantalla: 13.3&#8243;<\/p>\n<p>Procesador: i5-8TH<\/p>\n<p>Memoria Ram: 8 GB<\/p>\n<p>Almacenamiento: 256 Gb SSD<\/p>\n<p>Unidad \u00f3ptica (DVD):<\/p>\n<p>Wifi:<\/p>\n<p>Bluetooth:<\/p>\n<p>4G:<\/p>\n<p>Webcam:<\/p>\n<p>Teclado: Teclado con idioma extranjero. Incluimos kit de pegatinas de conversi\u00f3n a espa\u00f1ol<\/p>\n<p>Sistema operativo (Licencia f\u00edsica incluida en el equipo o embebida en BIOS): Windows 10 Pro<\/p>\n<p>Conexiones externas:<\/p>\n<ul>\n<li style=\"list-style-type: none;\">\n<ul>\n<li>Usb: 2x 2.0<\/li>\n<li>Jack audio: 1x<\/li>\n<li>Conexiones de video: 1x HDMI<\/li>\n<li>Puerto de red: 1x<\/li>\n<\/ul>\n<\/li>\n<\/ul>\n<p>Se env\u00eda con Sistema Operativo Windows 10 instalado y activado mediante la licencia que incluye dicho equipo (a excepci\u00f3n de los equipos que el cliente adquiera en la modalidad \u00absin revisar\u00bb)<\/p>\n<p>Equipos revisados y sometidos a rigurosos test de estr\u00e9s para garantizar siempre la m\u00e1xima calidad posible. En la modalidad \u00absin revisar\u00bb, tan s\u00f3lo ser\u00e1 comprobado que el equipo detecte todos los componentes y encienda sin problema.<\/p>\n<p>IMPORTANTE: GARANT\u00cdA LIMITADA EN BATER\u00cdA (3 MESES). No se considerar\u00e1 como defecto de bater\u00eda, si la duraci\u00f3n en un uso normal (ofim\u00e1tica, con brillo medio de pantalla y conexi\u00f3n a internet) es superior a 20-30 minutos.<\/p>\n<p>IMPORTANTE: GARANT\u00cdA LIMITADA EN CARGADOR (6 MESES)<\/p>\n","protected":false},"excerpt":{"rendered":"<p>Equipo Port\u00e1til de ocasi\u00f3n HP Elitebook 830 G6 13.3&#8243; \/ i5-8TH \/ 8Gb \/ 256Gb \/ Teclado Espa\u00f1ol \/ Windows 10 Pro<\/p>\n","protected":false},"featured_media":454,"template":"","meta":{"_et_pb_use_builder":"","_et_pb_old_content":"","_et_gb_content_width":"","_joinchat":[]},"product_brand":[],"product_cat":[76,77],"product_tag":[102,83,95,99,79,101,81,85,86],"class_list":{"0":"post-453","1":"product","2":"type-product","3":"status-publish","4":"has-post-thumbnail","6":"product_cat-reacondicionados","7":"product_cat-portatiles-reacondicionados","8":"product_tag-102","9":"product_tag-barato","10":"product_tag-economico","11":"product_tag-elitebook","12":"product_tag-hp","13":"product_tag-portatil","14":"product_tag-reacondicionado","15":"product_tag-win10","16":"product_tag-win10pro","18":"first","19":"instock","20":"sale","21":"shipping-taxable","22":"purchasable","23":"product-type-simple"},"yoast_head":"<!-- This site is optimized with the Yoast SEO plugin v26.6 - https:\/\/yoast.com\/wordpress\/plugins\/seo\/ -->\n<title>Portatil Reacondicionado HP Elitebook 830 G6 13.3&quot; \/ i5-8TH \/ 8Gb \/ 256Gb \/ Windows 10 Pro - TecnomobilePC<\/title>\n<meta name=\"description\" content=\"Equipo Port\u00e1til de ocasi\u00f3n HP Elitebook 830 G6 13.3&quot; \/ i5-8TH \/ 8Gb \/ 256Gb \/ Teclado Espa\u00f1ol \/ Windows 10 Pro\" \/>\n<meta name=\"robots\" content=\"index, follow, max-snippet:-1, max-image-preview:large, max-video-preview:-1\" \/>\n<link rel=\"canonical\" href=\"https:\/\/tecnomobilepc.com\/index.php\/producto\/portatil-reacondicionado-hp-elitebook-830-g6-13-3-i5-8th-8gb-256gb-windows-10-pro\/\" \/>\n<meta property=\"og:locale\" content=\"es_ES\" \/>\n<meta property=\"og:type\" content=\"article\" \/>\n<meta property=\"og:title\" content=\"Portatil Reacondicionado HP Elitebook 830 G6 13.3&quot; \/ i5-8TH \/ 8Gb \/ 256Gb \/ Windows 10 Pro - TecnomobilePC\" \/>\n<meta property=\"og:description\" content=\"Equipo Port\u00e1til de ocasi\u00f3n HP Elitebook 830 G6 13.3&quot; \/ i5-8TH \/ 8Gb \/ 256Gb \/ Teclado Espa\u00f1ol \/ Windows 10 Pro\" \/>\n<meta property=\"og:url\" content=\"https:\/\/tecnomobilepc.com\/index.php\/producto\/portatil-reacondicionado-hp-elitebook-830-g6-13-3-i5-8th-8gb-256gb-windows-10-pro\/\" \/>\n<meta property=\"og:site_name\" content=\"TecnomobilePC\" \/>\n<meta property=\"article:publisher\" content=\"https:\/\/www.facebook.com\/p\/TecnoMobilePC-100070504704026\/?locale=es_LA\" \/>\n<meta property=\"og:image\" content=\"https:\/\/tecnomobilepc.com\/wp-content\/uploads\/2024\/10\/hp-reacondicionado.jpeg\" \/>\n\t<meta property=\"og:image:width\" content=\"400\" \/>\n\t<meta property=\"og:image:height\" content=\"333\" \/>\n\t<meta property=\"og:image:type\" content=\"image\/jpeg\" \/>\n<meta name=\"twitter:card\" content=\"summary_large_image\" \/>\n<meta name=\"twitter:label1\" content=\"Tiempo de lectura\" \/>\n\t<meta name=\"twitter:data1\" content=\"2 minutos\" \/>\n<script type=\"application\/ld+json\" class=\"yoast-schema-graph\">{\"@context\":\"https:\/\/schema.org\",\"@graph\":[{\"@type\":\"WebPage\",\"@id\":\"https:\/\/tecnomobilepc.com\/index.php\/producto\/portatil-reacondicionado-hp-elitebook-830-g6-13-3-i5-8th-8gb-256gb-windows-10-pro\/\",\"url\":\"https:\/\/tecnomobilepc.com\/index.php\/producto\/portatil-reacondicionado-hp-elitebook-830-g6-13-3-i5-8th-8gb-256gb-windows-10-pro\/\",\"name\":\"Portatil Reacondicionado HP Elitebook 830 G6 13.3\\\" \/ i5-8TH \/ 8Gb \/ 256Gb \/ Windows 10 Pro - TecnomobilePC\",\"isPartOf\":{\"@id\":\"https:\/\/tecnomobilepc.com\/#website\"},\"primaryImageOfPage\":{\"@id\":\"https:\/\/tecnomobilepc.com\/index.php\/producto\/portatil-reacondicionado-hp-elitebook-830-g6-13-3-i5-8th-8gb-256gb-windows-10-pro\/#primaryimage\"},\"image\":{\"@id\":\"https:\/\/tecnomobilepc.com\/index.php\/producto\/portatil-reacondicionado-hp-elitebook-830-g6-13-3-i5-8th-8gb-256gb-windows-10-pro\/#primaryimage\"},\"thumbnailUrl\":\"https:\/\/tecnomobilepc.com\/wp-content\/uploads\/2024\/10\/hp-reacondicionado.jpeg\",\"datePublished\":\"2024-11-07T19:12:46+00:00\",\"description\":\"Equipo Port\u00e1til de ocasi\u00f3n HP Elitebook 830 G6 13.3\\\" \/ i5-8TH \/ 8Gb \/ 256Gb \/ Teclado Espa\u00f1ol \/ Windows 10 Pro\",\"breadcrumb\":{\"@id\":\"https:\/\/tecnomobilepc.com\/index.php\/producto\/portatil-reacondicionado-hp-elitebook-830-g6-13-3-i5-8th-8gb-256gb-windows-10-pro\/#breadcrumb\"},\"inLanguage\":\"es\",\"potentialAction\":[{\"@type\":\"ReadAction\",\"target\":[\"https:\/\/tecnomobilepc.com\/index.php\/producto\/portatil-reacondicionado-hp-elitebook-830-g6-13-3-i5-8th-8gb-256gb-windows-10-pro\/\"]}]},{\"@type\":\"ImageObject\",\"inLanguage\":\"es\",\"@id\":\"https:\/\/tecnomobilepc.com\/index.php\/producto\/portatil-reacondicionado-hp-elitebook-830-g6-13-3-i5-8th-8gb-256gb-windows-10-pro\/#primaryimage\",\"url\":\"https:\/\/tecnomobilepc.com\/wp-content\/uploads\/2024\/10\/hp-reacondicionado.jpeg\",\"contentUrl\":\"https:\/\/tecnomobilepc.com\/wp-content\/uploads\/2024\/10\/hp-reacondicionado.jpeg\",\"width\":400,\"height\":333},{\"@type\":\"BreadcrumbList\",\"@id\":\"https:\/\/tecnomobilepc.com\/index.php\/producto\/portatil-reacondicionado-hp-elitebook-830-g6-13-3-i5-8th-8gb-256gb-windows-10-pro\/#breadcrumb\",\"itemListElement\":[{\"@type\":\"ListItem\",\"position\":1,\"name\":\"Portada\",\"item\":\"https:\/\/tecnomobilepc.com\/\"},{\"@type\":\"ListItem\",\"position\":2,\"name\":\"Tienda\",\"item\":\"https:\/\/tecnomobilepc.com\/\"},{\"@type\":\"ListItem\",\"position\":3,\"name\":\"Portatil Reacondicionado HP Elitebook 830 G6 13.3&#8243; \/ i5-8TH \/ 8Gb \/ 256Gb \/ Windows 10 Pro\"}]},{\"@type\":\"WebSite\",\"@id\":\"https:\/\/tecnomobilepc.com\/#website\",\"url\":\"https:\/\/tecnomobilepc.com\/\",\"name\":\"TecnomobilePC\",\"description\":\"Ofrecemos una amplia gama de productos de las mejores marcas y un servicio t&eacute;cnico especializado para mantener tus dispositivos en &oacute;ptimas condiciones.\",\"publisher\":{\"@id\":\"https:\/\/tecnomobilepc.com\/#organization\"},\"potentialAction\":[{\"@type\":\"SearchAction\",\"target\":{\"@type\":\"EntryPoint\",\"urlTemplate\":\"https:\/\/tecnomobilepc.com\/?s={search_term_string}\"},\"query-input\":{\"@type\":\"PropertyValueSpecification\",\"valueRequired\":true,\"valueName\":\"search_term_string\"}}],\"inLanguage\":\"es\"},{\"@type\":\"Organization\",\"@id\":\"https:\/\/tecnomobilepc.com\/#organization\",\"name\":\"TecnomobilePC\",\"url\":\"https:\/\/tecnomobilepc.com\/\",\"logo\":{\"@type\":\"ImageObject\",\"inLanguage\":\"es\",\"@id\":\"https:\/\/tecnomobilepc.com\/#\/schema\/logo\/image\/\",\"url\":\"https:\/\/tecnomobilepc.com\/wp-content\/uploads\/2024\/11\/cropped-WhatsApp-Image-2024-11-16-at-02.36.01.jpeg\",\"contentUrl\":\"https:\/\/tecnomobilepc.com\/wp-content\/uploads\/2024\/11\/cropped-WhatsApp-Image-2024-11-16-at-02.36.01.jpeg\",\"width\":512,\"height\":512,\"caption\":\"TecnomobilePC\"},\"image\":{\"@id\":\"https:\/\/tecnomobilepc.com\/#\/schema\/logo\/image\/\"},\"sameAs\":[\"https:\/\/www.facebook.com\/p\/TecnoMobilePC-100070504704026\/?locale=es_LA\",\"https:\/\/www.instagram.com\/tecnomobilepc\/\",\"https:\/\/www.tiktok.com\/@tecnomobilepc_\"]}]}<\/script>\n<!-- \/ Yoast SEO plugin. -->","yoast_head_json":{"title":"Portatil Reacondicionado HP Elitebook 830 G6 13.3\" \/ i5-8TH \/ 8Gb \/ 256Gb \/ Windows 10 Pro - TecnomobilePC","description":"Equipo Port\u00e1til de ocasi\u00f3n HP Elitebook 830 G6 13.3\" \/ i5-8TH \/ 8Gb \/ 256Gb \/ Teclado Espa\u00f1ol \/ Windows 10 Pro","robots":{"index":"index","follow":"follow","max-snippet":"max-snippet:-1","max-image-preview":"max-image-preview:large","max-video-preview":"max-video-preview:-1"},"canonical":"https:\/\/tecnomobilepc.com\/index.php\/producto\/portatil-reacondicionado-hp-elitebook-830-g6-13-3-i5-8th-8gb-256gb-windows-10-pro\/","og_locale":"es_ES","og_type":"article","og_title":"Portatil Reacondicionado HP Elitebook 830 G6 13.3\" \/ i5-8TH \/ 8Gb \/ 256Gb \/ Windows 10 Pro - TecnomobilePC","og_description":"Equipo Port\u00e1til de ocasi\u00f3n HP Elitebook 830 G6 13.3\" \/ i5-8TH \/ 8Gb \/ 256Gb \/ Teclado Espa\u00f1ol \/ Windows 10 Pro","og_url":"https:\/\/tecnomobilepc.com\/index.php\/producto\/portatil-reacondicionado-hp-elitebook-830-g6-13-3-i5-8th-8gb-256gb-windows-10-pro\/","og_site_name":"TecnomobilePC","article_publisher":"https:\/\/www.facebook.com\/p\/TecnoMobilePC-100070504704026\/?locale=es_LA","og_image":[{"width":400,"height":333,"url":"https:\/\/tecnomobilepc.com\/wp-content\/uploads\/2024\/10\/hp-reacondicionado.jpeg","type":"image\/jpeg"}],"twitter_card":"summary_large_image","twitter_misc":{"Tiempo de lectura":"2 minutos"},"schema":{"@context":"https:\/\/schema.org","@graph":[{"@type":"WebPage","@id":"https:\/\/tecnomobilepc.com\/index.php\/producto\/portatil-reacondicionado-hp-elitebook-830-g6-13-3-i5-8th-8gb-256gb-windows-10-pro\/","url":"https:\/\/tecnomobilepc.com\/index.php\/producto\/portatil-reacondicionado-hp-elitebook-830-g6-13-3-i5-8th-8gb-256gb-windows-10-pro\/","name":"Portatil Reacondicionado HP Elitebook 830 G6 13.3\" \/ i5-8TH \/ 8Gb \/ 256Gb \/ Windows 10 Pro - TecnomobilePC","isPartOf":{"@id":"https:\/\/tecnomobilepc.com\/#website"},"primaryImageOfPage":{"@id":"https:\/\/tecnomobilepc.com\/index.php\/producto\/portatil-reacondicionado-hp-elitebook-830-g6-13-3-i5-8th-8gb-256gb-windows-10-pro\/#primaryimage"},"image":{"@id":"https:\/\/tecnomobilepc.com\/index.php\/producto\/portatil-reacondicionado-hp-elitebook-830-g6-13-3-i5-8th-8gb-256gb-windows-10-pro\/#primaryimage"},"thumbnailUrl":"https:\/\/tecnomobilepc.com\/wp-content\/uploads\/2024\/10\/hp-reacondicionado.jpeg","datePublished":"2024-11-07T19:12:46+00:00","description":"Equipo Port\u00e1til de ocasi\u00f3n HP Elitebook 830 G6 13.3\" \/ i5-8TH \/ 8Gb \/ 256Gb \/ Teclado Espa\u00f1ol \/ Windows 10 Pro","breadcrumb":{"@id":"https:\/\/tecnomobilepc.com\/index.php\/producto\/portatil-reacondicionado-hp-elitebook-830-g6-13-3-i5-8th-8gb-256gb-windows-10-pro\/#breadcrumb"},"inLanguage":"es","potentialAction":[{"@type":"ReadAction","target":["https:\/\/tecnomobilepc.com\/index.php\/producto\/portatil-reacondicionado-hp-elitebook-830-g6-13-3-i5-8th-8gb-256gb-windows-10-pro\/"]}]},{"@type":"ImageObject","inLanguage":"es","@id":"https:\/\/tecnomobilepc.com\/index.php\/producto\/portatil-reacondicionado-hp-elitebook-830-g6-13-3-i5-8th-8gb-256gb-windows-10-pro\/#primaryimage","url":"https:\/\/tecnomobilepc.com\/wp-content\/uploads\/2024\/10\/hp-reacondicionado.jpeg","contentUrl":"https:\/\/tecnomobilepc.com\/wp-content\/uploads\/2024\/10\/hp-reacondicionado.jpeg","width":400,"height":333},{"@type":"BreadcrumbList","@id":"https:\/\/tecnomobilepc.com\/index.php\/producto\/portatil-reacondicionado-hp-elitebook-830-g6-13-3-i5-8th-8gb-256gb-windows-10-pro\/#breadcrumb","itemListElement":[{"@type":"ListItem","position":1,"name":"Portada","item":"https:\/\/tecnomobilepc.com\/"},{"@type":"ListItem","position":2,"name":"Tienda","item":"https:\/\/tecnomobilepc.com\/"},{"@type":"ListItem","position":3,"name":"Portatil Reacondicionado HP Elitebook 830 G6 13.3&#8243; \/ i5-8TH \/ 8Gb \/ 256Gb \/ Windows 10 Pro"}]},{"@type":"WebSite","@id":"https:\/\/tecnomobilepc.com\/#website","url":"https:\/\/tecnomobilepc.com\/","name":"TecnomobilePC","description":"Ofrecemos una amplia gama de productos de las mejores marcas y un servicio t&eacute;cnico especializado para mantener tus dispositivos en &oacute;ptimas condiciones.","publisher":{"@id":"https:\/\/tecnomobilepc.com\/#organization"},"potentialAction":[{"@type":"SearchAction","target":{"@type":"EntryPoint","urlTemplate":"https:\/\/tecnomobilepc.com\/?s={search_term_string}"},"query-input":{"@type":"PropertyValueSpecification","valueRequired":true,"valueName":"search_term_string"}}],"inLanguage":"es"},{"@type":"Organization","@id":"https:\/\/tecnomobilepc.com\/#organization","name":"TecnomobilePC","url":"https:\/\/tecnomobilepc.com\/","logo":{"@type":"ImageObject","inLanguage":"es","@id":"https:\/\/tecnomobilepc.com\/#\/schema\/logo\/image\/","url":"https:\/\/tecnomobilepc.com\/wp-content\/uploads\/2024\/11\/cropped-WhatsApp-Image-2024-11-16-at-02.36.01.jpeg","contentUrl":"https:\/\/tecnomobilepc.com\/wp-content\/uploads\/2024\/11\/cropped-WhatsApp-Image-2024-11-16-at-02.36.01.jpeg","width":512,"height":512,"caption":"TecnomobilePC"},"image":{"@id":"https:\/\/tecnomobilepc.com\/#\/schema\/logo\/image\/"},"sameAs":["https:\/\/www.facebook.com\/p\/TecnoMobilePC-100070504704026\/?locale=es_LA","https:\/\/www.instagram.com\/tecnomobilepc\/","https:\/\/www.tiktok.com\/@tecnomobilepc_"]}]}},"_links":{"self":[{"href":"https:\/\/tecnomobilepc.com\/index.php\/wp-json\/wp\/v2\/product\/453","targetHints":{"allow":["GET"]}}],"collection":[{"href":"https:\/\/tecnomobilepc.com\/index.php\/wp-json\/wp\/v2\/product"}],"about":[{"href":"https:\/\/tecnomobilepc.com\/index.php\/wp-json\/wp\/v2\/types\/product"}],"wp:featuredmedia":[{"embeddable":true,"href":"https:\/\/tecnomobilepc.com\/index.php\/wp-json\/wp\/v2\/media\/454"}],"wp:attachment":[{"href":"https:\/\/tecnomobilepc.com\/index.php\/wp-json\/wp\/v2\/media?parent=453"}],"wp:term":[{"taxonomy":"product_brand","embeddable":true,"href":"https:\/\/tecnomobilepc.com\/index.php\/wp-json\/wp\/v2\/product_brand?post=453"},{"taxonomy":"product_cat","embeddable":true,"href":"https:\/\/tecnomobilepc.com\/index.php\/wp-json\/wp\/v2\/product_cat?post=453"},{"taxonomy":"product_tag","embeddable":true,"href":"https:\/\/tecnomobilepc.com\/index.php\/wp-json\/wp\/v2\/product_tag?post=453"}],"curies":[{"name":"wp","href":"https:\/\/api.w.org\/{rel}","templated":true}]}}