{"id":751,"date":"2025-02-22T14:14:28","date_gmt":"2025-02-22T14:14:28","guid":{"rendered":"https:\/\/tecnomobilepc.com\/?post_type=product&#038;p=751"},"modified":"2025-02-26T14:04:17","modified_gmt":"2025-02-26T14:04:17","slug":"pantalla-iphone-16-plus","status":"publish","type":"product","link":"https:\/\/tecnomobilepc.com\/index.php\/producto\/pantalla-iphone-16-plus\/","title":{"rendered":"Pantalla iPhone 16 Plus LTPS"},"content":{"rendered":"<h2><strong>Pantallas LCD para iPhone 16 Plus LTPS<\/strong><strong>: Mejora en Calidad de Color y Brillo<\/strong><\/h2>\n<ul>\n<li><strong>Calidad de visualizaci\u00f3n excepcional<\/strong>\u00a0: las pantallas LTPS (polisilicio de baja temperatura) representan lo m\u00e1ximo de la tecnolog\u00eda LCD y ofrecen una calidad de visualizaci\u00f3n excepcional. Con alta resoluci\u00f3n, colores verdaderos y contrastes precisos, estas pantallas se acercan al rendimiento de las pantallas originales. Garantizan una experiencia visual clara y n\u00edtida, ideal para usuarios exigentes que desean una visualizaci\u00f3n precisa a un precio competitivo.<\/li>\n<\/ul>\n<ul>\n<li><strong>Eficiencia energ\u00e9tica y durabilidad<\/strong>\u00a0: gracias a su avanzada tecnolog\u00eda LTPS, estas pantallas optimizan el consumo energ\u00e9tico ofreciendo una excelente durabilidad. Reducen la carga de la bater\u00eda manteniendo un rendimiento estable a largo plazo, un activo esencial para reparaciones confiables y duraderas. Sin embargo, tenga cuidado: la tecnolog\u00eda LCD sigue consumiendo m\u00e1s energ\u00eda que la tecnolog\u00eda OLED.<\/li>\n<\/ul>\n<ul>\n<li><strong>Una elecci\u00f3n inteligente y potente<\/strong>\u00a0: con su tecnolog\u00eda de vanguardia y su calidad de visualizaci\u00f3n superior, las pantallas LTPS son la elecci\u00f3n perfecta para reparaciones de gama media a alta. Ofrecen un excelente compromiso entre rendimiento, durabilidad y precio, satisfaciendo as\u00ed las necesidades de los profesionales que buscan garantizar la satisfacci\u00f3n del cliente optimizando sus costes.<\/li>\n<\/ul>\n<ul>\n<li><strong>Calidad controlada y dominada<\/strong>\u00a0: cada pantalla LTPS que ofrecemos es probada meticulosamente una por una por nuestro equipo de calidad interno. A diferencia de otros actores que simplemente conf\u00edan en los fabricantes, hemos optado por internalizar este paso crucial. Esto nos permite garantizar que cada pantalla cumple rigurosamente nuestras exigentes especificaciones. Esta comprobaci\u00f3n exhaustiva garantiza que s\u00f3lo pantallas excelentes, que cumplen con nuestros altos est\u00e1ndares, lleguen a sus manos. Un compromiso adicional para ofrecerle una confiabilidad impecable en cada instalaci\u00f3n.<\/li>\n<\/ul>\n","protected":false},"excerpt":{"rendered":"<p>Estas pantallas est\u00e1 calibrada para ofrecer una calidad de imagen excepcional. Utilizando tecnolog\u00eda de \u00faltima generaci\u00f3n, estas pantallas aseguran una visualizaci\u00f3n clara y detallada, con colores precisos y un brillo \u00f3ptimo que mejora la experiencia de uso diario.<\/p>\n","protected":false},"featured_media":754,"template":"","meta":{"_et_pb_use_builder":"","_et_pb_old_content":"","_et_gb_content_width":"","_joinchat":[]},"product_brand":[],"product_cat":[152,18,19,149],"product_tag":[153,21,144,20,51],"class_list":{"0":"post-751","1":"product","2":"type-product","3":"status-publish","4":"has-post-thumbnail","6":"product_cat-repuesto-pantalla-iphone-16","7":"product_cat-repuestos","8":"product_cat-apple","9":"product_cat-iphone-16-plus","10":"product_tag-153","11":"product_tag-iphone","12":"product_tag-lcd","13":"product_tag-pantalla","14":"product_tag-plus","16":"first","17":"instock","18":"shipping-taxable","19":"purchasable","20":"product-type-simple"},"yoast_head":"<!-- This site is optimized with the Yoast SEO plugin v26.6 - https:\/\/yoast.com\/wordpress\/plugins\/seo\/ -->\n<title>Pantalla iPhone 16 Plus LTPS - TecnomobilePC<\/title>\n<meta name=\"description\" content=\"Estas pantallas est\u00e1 calibrada para ofrecer una calidad de imagen excepcional. Utilizando tecnolog\u00eda de \u00faltima generaci\u00f3n, estas pantallas aseguran una visualizaci\u00f3n clara y detallada, con colores precisos y un brillo \u00f3ptimo que mejora la experiencia de uso diario.\" \/>\n<meta name=\"robots\" content=\"index, follow, max-snippet:-1, max-image-preview:large, max-video-preview:-1\" \/>\n<link rel=\"canonical\" href=\"https:\/\/tecnomobilepc.com\/index.php\/producto\/pantalla-iphone-16-plus\/\" \/>\n<meta property=\"og:locale\" content=\"es_ES\" \/>\n<meta property=\"og:type\" content=\"article\" \/>\n<meta property=\"og:title\" content=\"Pantalla iPhone 16 Plus LTPS - TecnomobilePC\" \/>\n<meta property=\"og:description\" content=\"Estas pantallas est\u00e1 calibrada para ofrecer una calidad de imagen excepcional. Utilizando tecnolog\u00eda de \u00faltima generaci\u00f3n, estas pantallas aseguran una visualizaci\u00f3n clara y detallada, con colores precisos y un brillo \u00f3ptimo que mejora la experiencia de uso diario.\" \/>\n<meta property=\"og:url\" content=\"https:\/\/tecnomobilepc.com\/index.php\/producto\/pantalla-iphone-16-plus\/\" \/>\n<meta property=\"og:site_name\" content=\"TecnomobilePC\" \/>\n<meta property=\"article:publisher\" content=\"https:\/\/www.facebook.com\/p\/TecnoMobilePC-100070504704026\/?locale=es_LA\" \/>\n<meta property=\"article:modified_time\" content=\"2025-02-26T14:04:17+00:00\" \/>\n<meta property=\"og:image\" content=\"https:\/\/tecnomobilepc.com\/wp-content\/uploads\/2025\/02\/pantalla-iphone-16.jpg\" \/>\n\t<meta property=\"og:image:width\" content=\"420\" \/>\n\t<meta property=\"og:image:height\" content=\"420\" \/>\n\t<meta property=\"og:image:type\" content=\"image\/jpeg\" \/>\n<meta name=\"twitter:card\" content=\"summary_large_image\" \/>\n<meta name=\"twitter:label1\" content=\"Tiempo de lectura\" \/>\n\t<meta name=\"twitter:data1\" content=\"2 minutos\" \/>\n<script type=\"application\/ld+json\" class=\"yoast-schema-graph\">{\"@context\":\"https:\/\/schema.org\",\"@graph\":[{\"@type\":\"WebPage\",\"@id\":\"https:\/\/tecnomobilepc.com\/index.php\/producto\/pantalla-iphone-16-plus\/\",\"url\":\"https:\/\/tecnomobilepc.com\/index.php\/producto\/pantalla-iphone-16-plus\/\",\"name\":\"Pantalla iPhone 16 Plus LTPS - TecnomobilePC\",\"isPartOf\":{\"@id\":\"https:\/\/tecnomobilepc.com\/#website\"},\"primaryImageOfPage\":{\"@id\":\"https:\/\/tecnomobilepc.com\/index.php\/producto\/pantalla-iphone-16-plus\/#primaryimage\"},\"image\":{\"@id\":\"https:\/\/tecnomobilepc.com\/index.php\/producto\/pantalla-iphone-16-plus\/#primaryimage\"},\"thumbnailUrl\":\"https:\/\/tecnomobilepc.com\/wp-content\/uploads\/2025\/02\/pantalla-iphone-16.jpg\",\"datePublished\":\"2025-02-22T14:14:28+00:00\",\"dateModified\":\"2025-02-26T14:04:17+00:00\",\"description\":\"Estas pantallas est\u00e1 calibrada para ofrecer una calidad de imagen excepcional. Utilizando tecnolog\u00eda de \u00faltima generaci\u00f3n, estas pantallas aseguran una visualizaci\u00f3n clara y detallada, con colores precisos y un brillo \u00f3ptimo que mejora la experiencia de uso diario.\",\"breadcrumb\":{\"@id\":\"https:\/\/tecnomobilepc.com\/index.php\/producto\/pantalla-iphone-16-plus\/#breadcrumb\"},\"inLanguage\":\"es\",\"potentialAction\":[{\"@type\":\"ReadAction\",\"target\":[\"https:\/\/tecnomobilepc.com\/index.php\/producto\/pantalla-iphone-16-plus\/\"]}]},{\"@type\":\"ImageObject\",\"inLanguage\":\"es\",\"@id\":\"https:\/\/tecnomobilepc.com\/index.php\/producto\/pantalla-iphone-16-plus\/#primaryimage\",\"url\":\"https:\/\/tecnomobilepc.com\/wp-content\/uploads\/2025\/02\/pantalla-iphone-16.jpg\",\"contentUrl\":\"https:\/\/tecnomobilepc.com\/wp-content\/uploads\/2025\/02\/pantalla-iphone-16.jpg\",\"width\":420,\"height\":420},{\"@type\":\"BreadcrumbList\",\"@id\":\"https:\/\/tecnomobilepc.com\/index.php\/producto\/pantalla-iphone-16-plus\/#breadcrumb\",\"itemListElement\":[{\"@type\":\"ListItem\",\"position\":1,\"name\":\"Portada\",\"item\":\"https:\/\/tecnomobilepc.com\/\"},{\"@type\":\"ListItem\",\"position\":2,\"name\":\"Tienda\",\"item\":\"https:\/\/tecnomobilepc.com\/\"},{\"@type\":\"ListItem\",\"position\":3,\"name\":\"Pantalla iPhone 16 Plus LTPS\"}]},{\"@type\":\"WebSite\",\"@id\":\"https:\/\/tecnomobilepc.com\/#website\",\"url\":\"https:\/\/tecnomobilepc.com\/\",\"name\":\"TecnomobilePC\",\"description\":\"Ofrecemos una amplia gama de productos de las mejores marcas y un servicio t&eacute;cnico especializado para mantener tus dispositivos en &oacute;ptimas condiciones.\",\"publisher\":{\"@id\":\"https:\/\/tecnomobilepc.com\/#organization\"},\"potentialAction\":[{\"@type\":\"SearchAction\",\"target\":{\"@type\":\"EntryPoint\",\"urlTemplate\":\"https:\/\/tecnomobilepc.com\/?s={search_term_string}\"},\"query-input\":{\"@type\":\"PropertyValueSpecification\",\"valueRequired\":true,\"valueName\":\"search_term_string\"}}],\"inLanguage\":\"es\"},{\"@type\":\"Organization\",\"@id\":\"https:\/\/tecnomobilepc.com\/#organization\",\"name\":\"TecnomobilePC\",\"url\":\"https:\/\/tecnomobilepc.com\/\",\"logo\":{\"@type\":\"ImageObject\",\"inLanguage\":\"es\",\"@id\":\"https:\/\/tecnomobilepc.com\/#\/schema\/logo\/image\/\",\"url\":\"https:\/\/tecnomobilepc.com\/wp-content\/uploads\/2024\/11\/cropped-WhatsApp-Image-2024-11-16-at-02.36.01.jpeg\",\"contentUrl\":\"https:\/\/tecnomobilepc.com\/wp-content\/uploads\/2024\/11\/cropped-WhatsApp-Image-2024-11-16-at-02.36.01.jpeg\",\"width\":512,\"height\":512,\"caption\":\"TecnomobilePC\"},\"image\":{\"@id\":\"https:\/\/tecnomobilepc.com\/#\/schema\/logo\/image\/\"},\"sameAs\":[\"https:\/\/www.facebook.com\/p\/TecnoMobilePC-100070504704026\/?locale=es_LA\",\"https:\/\/www.instagram.com\/tecnomobilepc\/\",\"https:\/\/www.tiktok.com\/@tecnomobilepc_\"]}]}<\/script>\n<!-- \/ Yoast SEO plugin. -->","yoast_head_json":{"title":"Pantalla iPhone 16 Plus LTPS - TecnomobilePC","description":"Estas pantallas est\u00e1 calibrada para ofrecer una calidad de imagen excepcional. Utilizando tecnolog\u00eda de \u00faltima generaci\u00f3n, estas pantallas aseguran una visualizaci\u00f3n clara y detallada, con colores precisos y un brillo \u00f3ptimo que mejora la experiencia de uso diario.","robots":{"index":"index","follow":"follow","max-snippet":"max-snippet:-1","max-image-preview":"max-image-preview:large","max-video-preview":"max-video-preview:-1"},"canonical":"https:\/\/tecnomobilepc.com\/index.php\/producto\/pantalla-iphone-16-plus\/","og_locale":"es_ES","og_type":"article","og_title":"Pantalla iPhone 16 Plus LTPS - TecnomobilePC","og_description":"Estas pantallas est\u00e1 calibrada para ofrecer una calidad de imagen excepcional. Utilizando tecnolog\u00eda de \u00faltima generaci\u00f3n, estas pantallas aseguran una visualizaci\u00f3n clara y detallada, con colores precisos y un brillo \u00f3ptimo que mejora la experiencia de uso diario.","og_url":"https:\/\/tecnomobilepc.com\/index.php\/producto\/pantalla-iphone-16-plus\/","og_site_name":"TecnomobilePC","article_publisher":"https:\/\/www.facebook.com\/p\/TecnoMobilePC-100070504704026\/?locale=es_LA","article_modified_time":"2025-02-26T14:04:17+00:00","og_image":[{"width":420,"height":420,"url":"https:\/\/tecnomobilepc.com\/wp-content\/uploads\/2025\/02\/pantalla-iphone-16.jpg","type":"image\/jpeg"}],"twitter_card":"summary_large_image","twitter_misc":{"Tiempo de lectura":"2 minutos"},"schema":{"@context":"https:\/\/schema.org","@graph":[{"@type":"WebPage","@id":"https:\/\/tecnomobilepc.com\/index.php\/producto\/pantalla-iphone-16-plus\/","url":"https:\/\/tecnomobilepc.com\/index.php\/producto\/pantalla-iphone-16-plus\/","name":"Pantalla iPhone 16 Plus LTPS - TecnomobilePC","isPartOf":{"@id":"https:\/\/tecnomobilepc.com\/#website"},"primaryImageOfPage":{"@id":"https:\/\/tecnomobilepc.com\/index.php\/producto\/pantalla-iphone-16-plus\/#primaryimage"},"image":{"@id":"https:\/\/tecnomobilepc.com\/index.php\/producto\/pantalla-iphone-16-plus\/#primaryimage"},"thumbnailUrl":"https:\/\/tecnomobilepc.com\/wp-content\/uploads\/2025\/02\/pantalla-iphone-16.jpg","datePublished":"2025-02-22T14:14:28+00:00","dateModified":"2025-02-26T14:04:17+00:00","description":"Estas pantallas est\u00e1 calibrada para ofrecer una calidad de imagen excepcional. Utilizando tecnolog\u00eda de \u00faltima generaci\u00f3n, estas pantallas aseguran una visualizaci\u00f3n clara y detallada, con colores precisos y un brillo \u00f3ptimo que mejora la experiencia de uso diario.","breadcrumb":{"@id":"https:\/\/tecnomobilepc.com\/index.php\/producto\/pantalla-iphone-16-plus\/#breadcrumb"},"inLanguage":"es","potentialAction":[{"@type":"ReadAction","target":["https:\/\/tecnomobilepc.com\/index.php\/producto\/pantalla-iphone-16-plus\/"]}]},{"@type":"ImageObject","inLanguage":"es","@id":"https:\/\/tecnomobilepc.com\/index.php\/producto\/pantalla-iphone-16-plus\/#primaryimage","url":"https:\/\/tecnomobilepc.com\/wp-content\/uploads\/2025\/02\/pantalla-iphone-16.jpg","contentUrl":"https:\/\/tecnomobilepc.com\/wp-content\/uploads\/2025\/02\/pantalla-iphone-16.jpg","width":420,"height":420},{"@type":"BreadcrumbList","@id":"https:\/\/tecnomobilepc.com\/index.php\/producto\/pantalla-iphone-16-plus\/#breadcrumb","itemListElement":[{"@type":"ListItem","position":1,"name":"Portada","item":"https:\/\/tecnomobilepc.com\/"},{"@type":"ListItem","position":2,"name":"Tienda","item":"https:\/\/tecnomobilepc.com\/"},{"@type":"ListItem","position":3,"name":"Pantalla iPhone 16 Plus LTPS"}]},{"@type":"WebSite","@id":"https:\/\/tecnomobilepc.com\/#website","url":"https:\/\/tecnomobilepc.com\/","name":"TecnomobilePC","description":"Ofrecemos una amplia gama de productos de las mejores marcas y un servicio t&eacute;cnico especializado para mantener tus dispositivos en &oacute;ptimas condiciones.","publisher":{"@id":"https:\/\/tecnomobilepc.com\/#organization"},"potentialAction":[{"@type":"SearchAction","target":{"@type":"EntryPoint","urlTemplate":"https:\/\/tecnomobilepc.com\/?s={search_term_string}"},"query-input":{"@type":"PropertyValueSpecification","valueRequired":true,"valueName":"search_term_string"}}],"inLanguage":"es"},{"@type":"Organization","@id":"https:\/\/tecnomobilepc.com\/#organization","name":"TecnomobilePC","url":"https:\/\/tecnomobilepc.com\/","logo":{"@type":"ImageObject","inLanguage":"es","@id":"https:\/\/tecnomobilepc.com\/#\/schema\/logo\/image\/","url":"https:\/\/tecnomobilepc.com\/wp-content\/uploads\/2024\/11\/cropped-WhatsApp-Image-2024-11-16-at-02.36.01.jpeg","contentUrl":"https:\/\/tecnomobilepc.com\/wp-content\/uploads\/2024\/11\/cropped-WhatsApp-Image-2024-11-16-at-02.36.01.jpeg","width":512,"height":512,"caption":"TecnomobilePC"},"image":{"@id":"https:\/\/tecnomobilepc.com\/#\/schema\/logo\/image\/"},"sameAs":["https:\/\/www.facebook.com\/p\/TecnoMobilePC-100070504704026\/?locale=es_LA","https:\/\/www.instagram.com\/tecnomobilepc\/","https:\/\/www.tiktok.com\/@tecnomobilepc_"]}]}},"_links":{"self":[{"href":"https:\/\/tecnomobilepc.com\/index.php\/wp-json\/wp\/v2\/product\/751","targetHints":{"allow":["GET"]}}],"collection":[{"href":"https:\/\/tecnomobilepc.com\/index.php\/wp-json\/wp\/v2\/product"}],"about":[{"href":"https:\/\/tecnomobilepc.com\/index.php\/wp-json\/wp\/v2\/types\/product"}],"wp:featuredmedia":[{"embeddable":true,"href":"https:\/\/tecnomobilepc.com\/index.php\/wp-json\/wp\/v2\/media\/754"}],"wp:attachment":[{"href":"https:\/\/tecnomobilepc.com\/index.php\/wp-json\/wp\/v2\/media?parent=751"}],"wp:term":[{"taxonomy":"product_brand","embeddable":true,"href":"https:\/\/tecnomobilepc.com\/index.php\/wp-json\/wp\/v2\/product_brand?post=751"},{"taxonomy":"product_cat","embeddable":true,"href":"https:\/\/tecnomobilepc.com\/index.php\/wp-json\/wp\/v2\/product_cat?post=751"},{"taxonomy":"product_tag","embeddable":true,"href":"https:\/\/tecnomobilepc.com\/index.php\/wp-json\/wp\/v2\/product_tag?post=751"}],"curies":[{"name":"wp","href":"https:\/\/api.w.org\/{rel}","templated":true}]}}