{"id":782,"date":"2025-02-26T14:48:42","date_gmt":"2025-02-26T14:48:42","guid":{"rendered":"https:\/\/tecnomobilepc.com\/?post_type=product&#038;p=782"},"modified":"2025-02-26T14:51:28","modified_gmt":"2025-02-26T14:51:28","slug":"pantalla-iphone-11-pro-oled","status":"publish","type":"product","link":"https:\/\/tecnomobilepc.com\/index.php\/producto\/pantalla-iphone-11-pro-oled\/","title":{"rendered":"Pantalla iPhone 11 Pro Hard Oled"},"content":{"rendered":"<div class=\"min-h-8 text-message flex w-full flex-col items-end gap-2 whitespace-normal break-words [.text-message+&amp;]:mt-5\" dir=\"auto\" data-message-author-role=\"assistant\" data-message-id=\"6f51b55c-b863-41c5-954f-3c0f4e50be06\" data-message-model-slug=\"gpt-4o\">\n<div class=\"flex w-full flex-col gap-1 empty:hidden first:pt-[3px]\">\n<div class=\"markdown prose w-full break-words dark:prose-invert light\">\n<h1><strong><span>Pantallas OLED r\u00edgidas compatibles con iPhone: una soluci\u00f3n intermedia de alto rendimiento<\/span><\/strong><\/h1>\n<ul>\n<li><strong><span>Calidad de visualizaci\u00f3n notable:<\/span><\/strong><span>\u00a0las pantallas OLED duras est\u00e1n dise\u00f1adas para ofrecer colores vibrantes, negros profundos y contrastes n\u00edtidos, gracias a su avanzada tecnolog\u00eda OLED. Aunque utilizan un sustrato r\u00edgido, estas pantallas garantizan una experiencia visual de alta calidad, ideal para reparaciones que requieren una excelente relaci\u00f3n calidad-precio.<\/span><\/li>\n<\/ul>\n<ul>\n<li><strong><span>Rendimiento y calidad visual<\/span><\/strong><span>\u00a0: Las pantallas Hard OLED destacan por su calidad de imagen superior, ofreciendo colores vivos, negros profundos y contrastes precisos gracias a su avanzada tecnolog\u00eda OLED. Sin embargo, su sustrato de vidrio r\u00edgido los hace m\u00e1s sensibles a los golpes, especialmente durante la instalaci\u00f3n o si el dispositivo se cae. Sin embargo, siguen siendo una opci\u00f3n atractiva para reparaciones donde el rendimiento visual y un precio asequible son prioridades.<\/span><\/li>\n<\/ul>\n<ul>\n<li><strong><span>La opci\u00f3n econ\u00f3mica<\/span><\/strong><span>\u00a0: con su calidad de imagen superior y su precio atractivo, las pantallas Hard OLED son la soluci\u00f3n perfecta para reparaciones eficientes y econ\u00f3micas. Satisfacen perfectamente las necesidades de los talleres que buscan ofrecer una experiencia de usuario satisfactoria manteniendo un excelente equilibrio entre coste y calidad.<\/span><\/li>\n<\/ul>\n<ul>\n<li><strong><span>Calidad controlada y dominada<\/span><\/strong><span>\u00a0: cada pantalla Hard OLED que ofrecemos es probada meticulosamente una por una por nuestro equipo de calidad interno. A diferencia de otros actores que simplemente conf\u00edan en los fabricantes, hemos optado por internalizar este paso crucial. Esto nos permite garantizar que cada pantalla cumple rigurosamente nuestras exigentes especificaciones. Esta comprobaci\u00f3n exhaustiva garantiza que s\u00f3lo pantallas excelentes, que cumplen con nuestros altos est\u00e1ndares, lleguen a sus manos. Un compromiso adicional para ofrecerle una confiabilidad impecable en cada instalaci\u00f3n.<\/span><\/li>\n<\/ul>\n<\/div>\n<\/div>\n<\/div>\n","protected":false},"excerpt":{"rendered":"<p>Estas pantallas est\u00e1 calibrada para ofrecer una calidad de imagen excepcional. Utilizando tecnolog\u00eda de \u00faltima generaci\u00f3n, estas pantallas aseguran una visualizaci\u00f3n clara y detallada, con colores precisos y un brillo \u00f3ptimo que mejora la experiencia de uso diario.<\/p>\n","protected":false},"featured_media":783,"template":"","meta":{"_et_pb_use_builder":"","_et_pb_old_content":"","_et_gb_content_width":"","_joinchat":[]},"product_brand":[],"product_cat":[125,18,19,56],"product_tag":[27,155,21,144,142,20,45,154],"class_list":{"0":"post-782","1":"product","2":"type-product","3":"status-publish","4":"has-post-thumbnail","6":"product_cat-repuesto-pantalla-iphone-11","7":"product_cat-repuestos","8":"product_cat-apple","9":"product_cat-iphone-11-pro-apple","10":"product_tag-27","11":"product_tag-hard","12":"product_tag-iphone","13":"product_tag-lcd","14":"product_tag-oled","15":"product_tag-pantalla","16":"product_tag-pro","17":"product_tag-soft","19":"first","20":"instock","21":"shipping-taxable","22":"purchasable","23":"product-type-simple"},"yoast_head":"<!-- This site is optimized with the Yoast SEO plugin v26.6 - https:\/\/yoast.com\/wordpress\/plugins\/seo\/ -->\n<title>Pantalla iPhone 11 Pro Hard Oled - TecnomobilePC<\/title>\n<meta name=\"description\" content=\"Estas pantallas est\u00e1 calibrada para ofrecer una calidad de imagen excepcional. Utilizando tecnolog\u00eda de \u00faltima generaci\u00f3n, estas pantallas aseguran una visualizaci\u00f3n clara y detallada, con colores precisos y un brillo \u00f3ptimo que mejora la experiencia de uso diario.\" \/>\n<meta name=\"robots\" content=\"index, follow, max-snippet:-1, max-image-preview:large, max-video-preview:-1\" \/>\n<link rel=\"canonical\" href=\"https:\/\/tecnomobilepc.com\/index.php\/producto\/pantalla-iphone-11-pro-oled\/\" \/>\n<meta property=\"og:locale\" content=\"es_ES\" \/>\n<meta property=\"og:type\" content=\"article\" \/>\n<meta property=\"og:title\" content=\"Pantalla iPhone 11 Pro Hard Oled - TecnomobilePC\" \/>\n<meta property=\"og:description\" content=\"Estas pantallas est\u00e1 calibrada para ofrecer una calidad de imagen excepcional. Utilizando tecnolog\u00eda de \u00faltima generaci\u00f3n, estas pantallas aseguran una visualizaci\u00f3n clara y detallada, con colores precisos y un brillo \u00f3ptimo que mejora la experiencia de uso diario.\" \/>\n<meta property=\"og:url\" content=\"https:\/\/tecnomobilepc.com\/index.php\/producto\/pantalla-iphone-11-pro-oled\/\" \/>\n<meta property=\"og:site_name\" content=\"TecnomobilePC\" \/>\n<meta property=\"article:publisher\" content=\"https:\/\/www.facebook.com\/p\/TecnoMobilePC-100070504704026\/?locale=es_LA\" \/>\n<meta property=\"article:modified_time\" content=\"2025-02-26T14:51:28+00:00\" \/>\n<meta property=\"og:image\" content=\"https:\/\/tecnomobilepc.com\/wp-content\/uploads\/2025\/02\/pantalla-iphone-11-pro.jpg\" \/>\n\t<meta property=\"og:image:width\" content=\"420\" \/>\n\t<meta property=\"og:image:height\" content=\"420\" \/>\n\t<meta property=\"og:image:type\" content=\"image\/jpeg\" \/>\n<meta name=\"twitter:card\" content=\"summary_large_image\" \/>\n<meta name=\"twitter:label1\" content=\"Tiempo de lectura\" \/>\n\t<meta name=\"twitter:data1\" content=\"2 minutos\" \/>\n<script type=\"application\/ld+json\" class=\"yoast-schema-graph\">{\"@context\":\"https:\/\/schema.org\",\"@graph\":[{\"@type\":\"WebPage\",\"@id\":\"https:\/\/tecnomobilepc.com\/index.php\/producto\/pantalla-iphone-11-pro-oled\/\",\"url\":\"https:\/\/tecnomobilepc.com\/index.php\/producto\/pantalla-iphone-11-pro-oled\/\",\"name\":\"Pantalla iPhone 11 Pro Hard Oled - TecnomobilePC\",\"isPartOf\":{\"@id\":\"https:\/\/tecnomobilepc.com\/#website\"},\"primaryImageOfPage\":{\"@id\":\"https:\/\/tecnomobilepc.com\/index.php\/producto\/pantalla-iphone-11-pro-oled\/#primaryimage\"},\"image\":{\"@id\":\"https:\/\/tecnomobilepc.com\/index.php\/producto\/pantalla-iphone-11-pro-oled\/#primaryimage\"},\"thumbnailUrl\":\"https:\/\/tecnomobilepc.com\/wp-content\/uploads\/2025\/02\/pantalla-iphone-11-pro.jpg\",\"datePublished\":\"2025-02-26T14:48:42+00:00\",\"dateModified\":\"2025-02-26T14:51:28+00:00\",\"description\":\"Estas pantallas est\u00e1 calibrada para ofrecer una calidad de imagen excepcional. Utilizando tecnolog\u00eda de \u00faltima generaci\u00f3n, estas pantallas aseguran una visualizaci\u00f3n clara y detallada, con colores precisos y un brillo \u00f3ptimo que mejora la experiencia de uso diario.\",\"breadcrumb\":{\"@id\":\"https:\/\/tecnomobilepc.com\/index.php\/producto\/pantalla-iphone-11-pro-oled\/#breadcrumb\"},\"inLanguage\":\"es\",\"potentialAction\":[{\"@type\":\"ReadAction\",\"target\":[\"https:\/\/tecnomobilepc.com\/index.php\/producto\/pantalla-iphone-11-pro-oled\/\"]}]},{\"@type\":\"ImageObject\",\"inLanguage\":\"es\",\"@id\":\"https:\/\/tecnomobilepc.com\/index.php\/producto\/pantalla-iphone-11-pro-oled\/#primaryimage\",\"url\":\"https:\/\/tecnomobilepc.com\/wp-content\/uploads\/2025\/02\/pantalla-iphone-11-pro.jpg\",\"contentUrl\":\"https:\/\/tecnomobilepc.com\/wp-content\/uploads\/2025\/02\/pantalla-iphone-11-pro.jpg\",\"width\":420,\"height\":420},{\"@type\":\"BreadcrumbList\",\"@id\":\"https:\/\/tecnomobilepc.com\/index.php\/producto\/pantalla-iphone-11-pro-oled\/#breadcrumb\",\"itemListElement\":[{\"@type\":\"ListItem\",\"position\":1,\"name\":\"Portada\",\"item\":\"https:\/\/tecnomobilepc.com\/\"},{\"@type\":\"ListItem\",\"position\":2,\"name\":\"Tienda\",\"item\":\"https:\/\/tecnomobilepc.com\/\"},{\"@type\":\"ListItem\",\"position\":3,\"name\":\"Pantalla iPhone 11 Pro Hard Oled\"}]},{\"@type\":\"WebSite\",\"@id\":\"https:\/\/tecnomobilepc.com\/#website\",\"url\":\"https:\/\/tecnomobilepc.com\/\",\"name\":\"TecnomobilePC\",\"description\":\"Ofrecemos una amplia gama de productos de las mejores marcas y un servicio t&eacute;cnico especializado para mantener tus dispositivos en &oacute;ptimas condiciones.\",\"publisher\":{\"@id\":\"https:\/\/tecnomobilepc.com\/#organization\"},\"potentialAction\":[{\"@type\":\"SearchAction\",\"target\":{\"@type\":\"EntryPoint\",\"urlTemplate\":\"https:\/\/tecnomobilepc.com\/?s={search_term_string}\"},\"query-input\":{\"@type\":\"PropertyValueSpecification\",\"valueRequired\":true,\"valueName\":\"search_term_string\"}}],\"inLanguage\":\"es\"},{\"@type\":\"Organization\",\"@id\":\"https:\/\/tecnomobilepc.com\/#organization\",\"name\":\"TecnomobilePC\",\"url\":\"https:\/\/tecnomobilepc.com\/\",\"logo\":{\"@type\":\"ImageObject\",\"inLanguage\":\"es\",\"@id\":\"https:\/\/tecnomobilepc.com\/#\/schema\/logo\/image\/\",\"url\":\"https:\/\/tecnomobilepc.com\/wp-content\/uploads\/2024\/11\/cropped-WhatsApp-Image-2024-11-16-at-02.36.01.jpeg\",\"contentUrl\":\"https:\/\/tecnomobilepc.com\/wp-content\/uploads\/2024\/11\/cropped-WhatsApp-Image-2024-11-16-at-02.36.01.jpeg\",\"width\":512,\"height\":512,\"caption\":\"TecnomobilePC\"},\"image\":{\"@id\":\"https:\/\/tecnomobilepc.com\/#\/schema\/logo\/image\/\"},\"sameAs\":[\"https:\/\/www.facebook.com\/p\/TecnoMobilePC-100070504704026\/?locale=es_LA\",\"https:\/\/www.instagram.com\/tecnomobilepc\/\",\"https:\/\/www.tiktok.com\/@tecnomobilepc_\"]}]}<\/script>\n<!-- \/ Yoast SEO plugin. -->","yoast_head_json":{"title":"Pantalla iPhone 11 Pro Hard Oled - TecnomobilePC","description":"Estas pantallas est\u00e1 calibrada para ofrecer una calidad de imagen excepcional. Utilizando tecnolog\u00eda de \u00faltima generaci\u00f3n, estas pantallas aseguran una visualizaci\u00f3n clara y detallada, con colores precisos y un brillo \u00f3ptimo que mejora la experiencia de uso diario.","robots":{"index":"index","follow":"follow","max-snippet":"max-snippet:-1","max-image-preview":"max-image-preview:large","max-video-preview":"max-video-preview:-1"},"canonical":"https:\/\/tecnomobilepc.com\/index.php\/producto\/pantalla-iphone-11-pro-oled\/","og_locale":"es_ES","og_type":"article","og_title":"Pantalla iPhone 11 Pro Hard Oled - TecnomobilePC","og_description":"Estas pantallas est\u00e1 calibrada para ofrecer una calidad de imagen excepcional. Utilizando tecnolog\u00eda de \u00faltima generaci\u00f3n, estas pantallas aseguran una visualizaci\u00f3n clara y detallada, con colores precisos y un brillo \u00f3ptimo que mejora la experiencia de uso diario.","og_url":"https:\/\/tecnomobilepc.com\/index.php\/producto\/pantalla-iphone-11-pro-oled\/","og_site_name":"TecnomobilePC","article_publisher":"https:\/\/www.facebook.com\/p\/TecnoMobilePC-100070504704026\/?locale=es_LA","article_modified_time":"2025-02-26T14:51:28+00:00","og_image":[{"width":420,"height":420,"url":"https:\/\/tecnomobilepc.com\/wp-content\/uploads\/2025\/02\/pantalla-iphone-11-pro.jpg","type":"image\/jpeg"}],"twitter_card":"summary_large_image","twitter_misc":{"Tiempo de lectura":"2 minutos"},"schema":{"@context":"https:\/\/schema.org","@graph":[{"@type":"WebPage","@id":"https:\/\/tecnomobilepc.com\/index.php\/producto\/pantalla-iphone-11-pro-oled\/","url":"https:\/\/tecnomobilepc.com\/index.php\/producto\/pantalla-iphone-11-pro-oled\/","name":"Pantalla iPhone 11 Pro Hard Oled - TecnomobilePC","isPartOf":{"@id":"https:\/\/tecnomobilepc.com\/#website"},"primaryImageOfPage":{"@id":"https:\/\/tecnomobilepc.com\/index.php\/producto\/pantalla-iphone-11-pro-oled\/#primaryimage"},"image":{"@id":"https:\/\/tecnomobilepc.com\/index.php\/producto\/pantalla-iphone-11-pro-oled\/#primaryimage"},"thumbnailUrl":"https:\/\/tecnomobilepc.com\/wp-content\/uploads\/2025\/02\/pantalla-iphone-11-pro.jpg","datePublished":"2025-02-26T14:48:42+00:00","dateModified":"2025-02-26T14:51:28+00:00","description":"Estas pantallas est\u00e1 calibrada para ofrecer una calidad de imagen excepcional. Utilizando tecnolog\u00eda de \u00faltima generaci\u00f3n, estas pantallas aseguran una visualizaci\u00f3n clara y detallada, con colores precisos y un brillo \u00f3ptimo que mejora la experiencia de uso diario.","breadcrumb":{"@id":"https:\/\/tecnomobilepc.com\/index.php\/producto\/pantalla-iphone-11-pro-oled\/#breadcrumb"},"inLanguage":"es","potentialAction":[{"@type":"ReadAction","target":["https:\/\/tecnomobilepc.com\/index.php\/producto\/pantalla-iphone-11-pro-oled\/"]}]},{"@type":"ImageObject","inLanguage":"es","@id":"https:\/\/tecnomobilepc.com\/index.php\/producto\/pantalla-iphone-11-pro-oled\/#primaryimage","url":"https:\/\/tecnomobilepc.com\/wp-content\/uploads\/2025\/02\/pantalla-iphone-11-pro.jpg","contentUrl":"https:\/\/tecnomobilepc.com\/wp-content\/uploads\/2025\/02\/pantalla-iphone-11-pro.jpg","width":420,"height":420},{"@type":"BreadcrumbList","@id":"https:\/\/tecnomobilepc.com\/index.php\/producto\/pantalla-iphone-11-pro-oled\/#breadcrumb","itemListElement":[{"@type":"ListItem","position":1,"name":"Portada","item":"https:\/\/tecnomobilepc.com\/"},{"@type":"ListItem","position":2,"name":"Tienda","item":"https:\/\/tecnomobilepc.com\/"},{"@type":"ListItem","position":3,"name":"Pantalla iPhone 11 Pro Hard Oled"}]},{"@type":"WebSite","@id":"https:\/\/tecnomobilepc.com\/#website","url":"https:\/\/tecnomobilepc.com\/","name":"TecnomobilePC","description":"Ofrecemos una amplia gama de productos de las mejores marcas y un servicio t&eacute;cnico especializado para mantener tus dispositivos en &oacute;ptimas condiciones.","publisher":{"@id":"https:\/\/tecnomobilepc.com\/#organization"},"potentialAction":[{"@type":"SearchAction","target":{"@type":"EntryPoint","urlTemplate":"https:\/\/tecnomobilepc.com\/?s={search_term_string}"},"query-input":{"@type":"PropertyValueSpecification","valueRequired":true,"valueName":"search_term_string"}}],"inLanguage":"es"},{"@type":"Organization","@id":"https:\/\/tecnomobilepc.com\/#organization","name":"TecnomobilePC","url":"https:\/\/tecnomobilepc.com\/","logo":{"@type":"ImageObject","inLanguage":"es","@id":"https:\/\/tecnomobilepc.com\/#\/schema\/logo\/image\/","url":"https:\/\/tecnomobilepc.com\/wp-content\/uploads\/2024\/11\/cropped-WhatsApp-Image-2024-11-16-at-02.36.01.jpeg","contentUrl":"https:\/\/tecnomobilepc.com\/wp-content\/uploads\/2024\/11\/cropped-WhatsApp-Image-2024-11-16-at-02.36.01.jpeg","width":512,"height":512,"caption":"TecnomobilePC"},"image":{"@id":"https:\/\/tecnomobilepc.com\/#\/schema\/logo\/image\/"},"sameAs":["https:\/\/www.facebook.com\/p\/TecnoMobilePC-100070504704026\/?locale=es_LA","https:\/\/www.instagram.com\/tecnomobilepc\/","https:\/\/www.tiktok.com\/@tecnomobilepc_"]}]}},"_links":{"self":[{"href":"https:\/\/tecnomobilepc.com\/index.php\/wp-json\/wp\/v2\/product\/782","targetHints":{"allow":["GET"]}}],"collection":[{"href":"https:\/\/tecnomobilepc.com\/index.php\/wp-json\/wp\/v2\/product"}],"about":[{"href":"https:\/\/tecnomobilepc.com\/index.php\/wp-json\/wp\/v2\/types\/product"}],"wp:featuredmedia":[{"embeddable":true,"href":"https:\/\/tecnomobilepc.com\/index.php\/wp-json\/wp\/v2\/media\/783"}],"wp:attachment":[{"href":"https:\/\/tecnomobilepc.com\/index.php\/wp-json\/wp\/v2\/media?parent=782"}],"wp:term":[{"taxonomy":"product_brand","embeddable":true,"href":"https:\/\/tecnomobilepc.com\/index.php\/wp-json\/wp\/v2\/product_brand?post=782"},{"taxonomy":"product_cat","embeddable":true,"href":"https:\/\/tecnomobilepc.com\/index.php\/wp-json\/wp\/v2\/product_cat?post=782"},{"taxonomy":"product_tag","embeddable":true,"href":"https:\/\/tecnomobilepc.com\/index.php\/wp-json\/wp\/v2\/product_tag?post=782"}],"curies":[{"name":"wp","href":"https:\/\/api.w.org\/{rel}","templated":true}]}}