{"id":792,"date":"2025-03-14T17:39:37","date_gmt":"2025-03-14T17:39:37","guid":{"rendered":"https:\/\/tecnomobilepc.com\/?post_type=product&#038;p=792"},"modified":"2025-03-14T17:58:32","modified_gmt":"2025-03-14T17:58:32","slug":"samsung-galaxy-s25-ultra-256gb","status":"publish","type":"product","link":"https:\/\/tecnomobilepc.com\/index.php\/producto\/samsung-galaxy-s25-ultra-256gb\/","title":{"rendered":"Samsung Galaxy S25 Ultra 256GB"},"content":{"rendered":"<h2 class=\"helpersstyle__StyledModuleTitle-sc-1omqmsy-0 jnMOzX\">Especificaciones Samsung Galaxy S25 Ultra 256GB S938<\/h2>\n<div class=\"sc-bINddF jbKnLl\">\n<div class=\"SpecsOverviewstyle__StyledItem-sc-da9on9-0 cxEOCd\">\n<div class=\"SpecsOverview___StyledDiv2-sc-1rfiw7z-0 hORExp\">\n<p class=\"TextElementstyle__StyledTextElement-sc-1icpa6i-0 cHSNzE\">162.8 x 77.6 x 8.6 mm<\/p>\n<p class=\"TextElementstyle__StyledTextElement-sc-1icpa6i-0 kzAHRG\">218 gramos<\/p>\n<\/div>\n<\/div>\n<div class=\"SpecsOverviewstyle__StyledItem-sc-da9on9-0 cxEOCd\">\n<div class=\"SpecsOverview___StyledDiv2-sc-1rfiw7z-0 hORExp\">\n<p class=\"TextElementstyle__StyledTextElement-sc-1icpa6i-0 cHSNzE\">6.9 pulgadas<\/p>\n<p class=\"TextElementstyle__StyledTextElement-sc-1icpa6i-0 kzAHRG\">3120&#215;1440 p\u00edxeles<\/p>\n<\/div>\n<\/div>\n<div class=\"SpecsOverviewstyle__StyledItem-sc-da9on9-0 cxEOCd\">\n<div class=\"SpecsOverview___StyledDiv2-sc-1rfiw7z-0 hORExp\">\n<p class=\"TextElementstyle__StyledTextElement-sc-1icpa6i-0 cHSNzE\">12288 MB RAM<\/p>\n<p class=\"TextElementstyle__StyledTextElement-sc-1icpa6i-0 kzAHRG\">Octa-core procesador<\/p>\n<\/div>\n<\/div>\n<div class=\"SpecsOverviewstyle__StyledItem-sc-da9on9-0 cxEOCd\">\n<div class=\"SpecsOverview___StyledDiv2-sc-1rfiw7z-0 hORExp\">\n<p class=\"TextElementstyle__StyledTextElement-sc-1icpa6i-0 cHSNzE\">5G-internet<\/p>\n<\/div>\n<\/div>\n<div class=\"SpecsOverviewstyle__StyledItem-sc-da9on9-0 cxEOCd\">\n<div class=\"SpecsOverview___StyledDiv2-sc-1rfiw7z-0 hORExp\">\n<p class=\"TextElementstyle__StyledTextElement-sc-1icpa6i-0 cHSNzE\">Android<\/p>\n<p class=\"TextElementstyle__StyledTextElement-sc-1icpa6i-0 kzAHRG\">Versi\u00f3n al lanzamiento: 15<\/p>\n<\/div>\n<\/div>\n<div class=\"SpecsOverviewstyle__StyledItem-sc-da9on9-0 cxEOCd\">\n<div class=\"SpecsOverview___StyledDiv2-sc-1rfiw7z-0 hORExp\">\n<p class=\"TextElementstyle__StyledTextElement-sc-1icpa6i-0 cHSNzE\">200 megap\u00edxeles<\/p>\n<p class=\"TextElementstyle__StyledTextElement-sc-1icpa6i-0 kzAHRG\">8k v\u00eddeo<\/p>\n<\/div>\n<\/div>\n<div class=\"SpecsOverviewstyle__StyledItem-sc-da9on9-0 cxEOCd\">\n<div class=\"SpecsOverview___StyledDiv2-sc-1rfiw7z-0 hORExp\">\n<p class=\"TextElementstyle__StyledTextElement-sc-1icpa6i-0 cHSNzE\">256 GB memoria<\/p>\n<p class=\"TextElementstyle__StyledTextElement-sc-1icpa6i-0 kzAHRG\">No ampliable<\/p>\n<\/div>\n<\/div>\n<div class=\"SpecsOverviewstyle__StyledItem-sc-da9on9-0 cxEOCd\">\n<div class=\"SpecsOverview___StyledDiv2-sc-1rfiw7z-0 hORExp\">\n<p class=\"TextElementstyle__StyledTextElement-sc-1icpa6i-0 cHSNzE\">Cargador no incluido<\/p>\n<p class=\"TextElementstyle__StyledTextElement-sc-1icpa6i-0 kzAHRG\">Carga hasta 45W<\/p>\n<\/div>\n<\/div>\n<\/div>\n","protected":false},"excerpt":{"rendered":"<h2 class=\"helpersstyle__StyledModuleTitle-sc-1omqmsy-0 jnMOzX\">Descripci\u00f3n del Samsung Galaxy S25 Ultra<\/h2>\n<div class=\"Descriptionstyle__StyledDescriptionWrapper-sc-75f9oz-0 jaOMfG\">\n<div class=\"Articlestyle__StyledArticle-sc-17p7g5t-0 gViCXY\">\n<p>La serie Samsung Galaxy S es conocida desde hace a\u00f1os como los mejores smartphones de Samsung. La serie Samsung Galaxy S25, con los modelos Samsung Galaxy S25, S25 Plus y S25 Ultra, no es una excepci\u00f3n. El Samsung Galaxy S25 Ultra combina unas especificaciones impresionantes con un dise\u00f1o elegante. Por ejemplo, cuenta con cuatro c\u00e1maras de alta calidad, un procesador superr\u00e1pido especialmente desarrollado para la serie S25 y una impresionante pantalla AMOLED de 6,9 pulgadas. Adem\u00e1s, el smartphone ofrece almacenamiento de sobra para todas tus aplicaciones, fotos y v\u00eddeos. Con el elegante Samsung Galaxy S25 Ultra, siempre tendr\u00e1s un dispositivo que satisfaga todas tus necesidades.<\/p>\n<\/div>\n<\/div>\n","protected":false},"featured_media":803,"template":"","meta":{"_et_pb_use_builder":"off","_et_pb_old_content":"<h2>Especificaciones Samsung Galaxy S24 Ultra<\/h2>\r\n<ul>\r\n \t<li><strong>Sistema operativo<\/strong>\u00a0Android 14<\/li>\r\n \t<li><strong>Procesador<\/strong>\u00a0Qualcomm Snapdragon 8, Gen 3 for Galaxy Octa-Core<\/li>\r\n \t<li><strong>Pantalla<\/strong>\u00a06.8\", 3120 x 1440 (QHD+) Dynamic AMOLED 2X (120 Hz)<\/li>\r\n \t<li><strong>SIM<\/strong>\u00a0Dual SIM\/eSIM<\/li>\r\n \t<li><strong>Memoria<\/strong>\r\n<ul>\r\n \t<li>RAM: 12 GB<\/li>\r\n \t<li>Almacenamiento interno: 256 GB<\/li>\r\n<\/ul>\r\n<\/li>\r\n \t<li><strong>C\u00e1maras<\/strong>\r\n<ul>\r\n \t<li>200 MP (F1.7) Principal, OIS<\/li>\r\n \t<li>10 MP (F2.4) Zoom x3, OIS<\/li>\r\n \t<li>12 MP (F2.2) Ultra gran angular<\/li>\r\n \t<li>50 MP (F3.4) Zoom x5, OIS<\/li>\r\n \t<li>12 MP (F2.2) Frontal<\/li>\r\n<\/ul>\r\n<\/li>\r\n \t<li><strong>Conectividad<\/strong>\r\n<ul>\r\n \t<li>WiFi 7, HE160, MIMO, 1024-QAM<\/li>\r\n \t<li>Bluetooth v5.3<\/li>\r\n \t<li>NFC<\/li>\r\n<\/ul>\r\n<\/li>\r\n \t<li><strong>Biometr\u00eda<\/strong>\r\n<ul>\r\n \t<li>Sensor de huellas<\/li>\r\n \t<li>Reconocimiento facial<\/li>\r\n<\/ul>\r\n<\/li>\r\n \t<li><strong>Otros<\/strong>\r\n<ul>\r\n \t<li>IP68<\/li>\r\n \t<li>One UI 6.1<\/li>\r\n \t<li>S Pen<\/li>\r\n \t<li>UWB<\/li>\r\n<\/ul>\r\n<\/li>\r\n \t<li><strong>Dimensiones y peso<\/strong>\r\n<ul>\r\n \t<li>Dimensiones: 162.3 x 79.0 x 8.6 mm<\/li>\r\n \t<li>Peso: 232 g<\/li>\r\n<\/ul>\r\n<\/li>\r\n \t<li><strong>Bater\u00eda<\/strong>\r\n<ul>\r\n \t<li>5000 mAh<\/li>\r\n \t<li>Carga r\u00e1pida 45 W<\/li>\r\n \t<li>Carga inal\u00e1mbrica<\/li>\r\n<\/ul>\r\n<\/li>\r\n \t<li><strong>Contenido de la caja<\/strong>\r\n<ul>\r\n \t<li>Samsung Galaxy S24<\/li>\r\n \t<li>Cable de carga<\/li>\r\n \t<li>Cargador 25 W<\/li>\r\n<\/ul>\r\n<\/li>\r\n<\/ul>","_et_gb_content_width":"","_joinchat":[]},"product_brand":[],"product_cat":[90],"product_tag":[161,70,92,98,160,91,97],"class_list":{"0":"post-792","1":"product","2":"type-product","3":"status-publish","4":"has-post-thumbnail","6":"product_cat-telefonia-movil","7":"product_tag-256gb","8":"product_tag-alta","9":"product_tag-galaxy","10":"product_tag-gama","11":"product_tag-s25","12":"product_tag-samsung","13":"product_tag-ultra","15":"first","16":"instock","17":"sale","18":"shipping-taxable","19":"purchasable","20":"product-type-variable"},"yoast_head":"<!-- This site is optimized with the Yoast SEO plugin v27.5 - https:\/\/yoast.com\/product\/yoast-seo-wordpress\/ -->\n<title>Samsung Galaxy S25 Ultra 256GB - TecnomobilePC<\/title>\n<meta name=\"description\" content=\"alaxy AILa gama Samsung Galaxy S25 cuenta con muchas nuevas funciones Galaxy AI. Estas funciones hacen que el uso de tu smartphone sea m\u00e1s f\u00e1cil y eficiente. La nueva funci\u00f3n Cross-app action te permite realizar varias acciones a la vez mediante comandos de voz, sin tener que abrir t\u00fa mismo todas las aplicaciones necesarias. Con la nueva funci\u00f3n Now Brief, puedes ver de un vistazo informaci\u00f3n relevante sobre c\u00f3mo has dormido, qu\u00e9 aspecto tiene tu d\u00eda, as\u00ed como actualizaciones sobre tu programa o podcast favorito.Como el procesador y las c\u00e1maras est\u00e1n potenciados por funciones de IA como el Proscaler, que mejora la calidad de imagen, y el ProVisual Engine, que lleva tus procesos creativos a un nuevo nivel, sacar\u00e1s el m\u00e1ximo partido a tu Galaxy S25 Ultra. Por supuesto, tampoco faltan en la serie Samsung Galaxy S25 las ya conocidas funciones de IA de Galaxy como Note Assist, Chat Assist y Call Assist.\" \/>\n<meta name=\"robots\" content=\"index, follow, max-snippet:-1, max-image-preview:large, max-video-preview:-1\" \/>\n<link rel=\"canonical\" href=\"https:\/\/tecnomobilepc.com\/index.php\/producto\/samsung-galaxy-s25-ultra-256gb\/\" \/>\n<meta property=\"og:locale\" content=\"es_ES\" \/>\n<meta property=\"og:type\" content=\"article\" \/>\n<meta property=\"og:title\" content=\"Samsung Galaxy S25 Ultra 256GB - TecnomobilePC\" \/>\n<meta property=\"og:description\" content=\"alaxy AILa gama Samsung Galaxy S25 cuenta con muchas nuevas funciones Galaxy AI. Estas funciones hacen que el uso de tu smartphone sea m\u00e1s f\u00e1cil y eficiente. La nueva funci\u00f3n Cross-app action te permite realizar varias acciones a la vez mediante comandos de voz, sin tener que abrir t\u00fa mismo todas las aplicaciones necesarias. Con la nueva funci\u00f3n Now Brief, puedes ver de un vistazo informaci\u00f3n relevante sobre c\u00f3mo has dormido, qu\u00e9 aspecto tiene tu d\u00eda, as\u00ed como actualizaciones sobre tu programa o podcast favorito.Como el procesador y las c\u00e1maras est\u00e1n potenciados por funciones de IA como el Proscaler, que mejora la calidad de imagen, y el ProVisual Engine, que lleva tus procesos creativos a un nuevo nivel, sacar\u00e1s el m\u00e1ximo partido a tu Galaxy S25 Ultra. Por supuesto, tampoco faltan en la serie Samsung Galaxy S25 las ya conocidas funciones de IA de Galaxy como Note Assist, Chat Assist y Call Assist.\" \/>\n<meta property=\"og:url\" content=\"https:\/\/tecnomobilepc.com\/index.php\/producto\/samsung-galaxy-s25-ultra-256gb\/\" \/>\n<meta property=\"og:site_name\" content=\"TecnomobilePC\" \/>\n<meta property=\"article:publisher\" content=\"https:\/\/www.facebook.com\/p\/TecnoMobilePC-100070504704026\/?locale=es_LA\" \/>\n<meta property=\"article:modified_time\" content=\"2025-03-14T17:58:32+00:00\" \/>\n<meta property=\"og:image\" content=\"https:\/\/tecnomobilepc.com\/wp-content\/uploads\/2025\/03\/galaxy-s25-ultra-negro-1024x683.png\" \/>\n\t<meta property=\"og:image:width\" content=\"1024\" \/>\n\t<meta property=\"og:image:height\" content=\"683\" \/>\n\t<meta property=\"og:image:type\" content=\"image\/png\" \/>\n<meta name=\"twitter:card\" content=\"summary_large_image\" \/>\n<meta name=\"twitter:label1\" content=\"Tiempo de lectura\" \/>\n\t<meta name=\"twitter:data1\" content=\"1 minuto\" \/>\n<script type=\"application\/ld+json\" class=\"yoast-schema-graph\">{\"@context\":\"https:\\\/\\\/schema.org\",\"@graph\":[{\"@type\":\"WebPage\",\"@id\":\"https:\\\/\\\/tecnomobilepc.com\\\/index.php\\\/producto\\\/samsung-galaxy-s25-ultra-256gb\\\/\",\"url\":\"https:\\\/\\\/tecnomobilepc.com\\\/index.php\\\/producto\\\/samsung-galaxy-s25-ultra-256gb\\\/\",\"name\":\"Samsung Galaxy S25 Ultra 256GB - TecnomobilePC\",\"isPartOf\":{\"@id\":\"https:\\\/\\\/tecnomobilepc.com\\\/#website\"},\"primaryImageOfPage\":{\"@id\":\"https:\\\/\\\/tecnomobilepc.com\\\/index.php\\\/producto\\\/samsung-galaxy-s25-ultra-256gb\\\/#primaryimage\"},\"image\":{\"@id\":\"https:\\\/\\\/tecnomobilepc.com\\\/index.php\\\/producto\\\/samsung-galaxy-s25-ultra-256gb\\\/#primaryimage\"},\"thumbnailUrl\":\"https:\\\/\\\/tecnomobilepc.com\\\/wp-content\\\/uploads\\\/2025\\\/03\\\/galaxy-s25-ultra-negro.png\",\"datePublished\":\"2025-03-14T17:39:37+00:00\",\"dateModified\":\"2025-03-14T17:58:32+00:00\",\"description\":\"alaxy AILa gama Samsung Galaxy S25 cuenta con muchas nuevas funciones Galaxy AI. Estas funciones hacen que el uso de tu smartphone sea m\u00e1s f\u00e1cil y eficiente. La nueva funci\u00f3n Cross-app action te permite realizar varias acciones a la vez mediante comandos de voz, sin tener que abrir t\u00fa mismo todas las aplicaciones necesarias. Con la nueva funci\u00f3n Now Brief, puedes ver de un vistazo informaci\u00f3n relevante sobre c\u00f3mo has dormido, qu\u00e9 aspecto tiene tu d\u00eda, as\u00ed como actualizaciones sobre tu programa o podcast favorito.Como el procesador y las c\u00e1maras est\u00e1n potenciados por funciones de IA como el Proscaler, que mejora la calidad de imagen, y el ProVisual Engine, que lleva tus procesos creativos a un nuevo nivel, sacar\u00e1s el m\u00e1ximo partido a tu Galaxy S25 Ultra. Por supuesto, tampoco faltan en la serie Samsung Galaxy S25 las ya conocidas funciones de IA de Galaxy como Note Assist, Chat Assist y Call Assist.\",\"breadcrumb\":{\"@id\":\"https:\\\/\\\/tecnomobilepc.com\\\/index.php\\\/producto\\\/samsung-galaxy-s25-ultra-256gb\\\/#breadcrumb\"},\"inLanguage\":\"es\",\"potentialAction\":[{\"@type\":\"ReadAction\",\"target\":[\"https:\\\/\\\/tecnomobilepc.com\\\/index.php\\\/producto\\\/samsung-galaxy-s25-ultra-256gb\\\/\"]}]},{\"@type\":\"ImageObject\",\"inLanguage\":\"es\",\"@id\":\"https:\\\/\\\/tecnomobilepc.com\\\/index.php\\\/producto\\\/samsung-galaxy-s25-ultra-256gb\\\/#primaryimage\",\"url\":\"https:\\\/\\\/tecnomobilepc.com\\\/wp-content\\\/uploads\\\/2025\\\/03\\\/galaxy-s25-ultra-negro.png\",\"contentUrl\":\"https:\\\/\\\/tecnomobilepc.com\\\/wp-content\\\/uploads\\\/2025\\\/03\\\/galaxy-s25-ultra-negro.png\",\"width\":3000,\"height\":2000},{\"@type\":\"BreadcrumbList\",\"@id\":\"https:\\\/\\\/tecnomobilepc.com\\\/index.php\\\/producto\\\/samsung-galaxy-s25-ultra-256gb\\\/#breadcrumb\",\"itemListElement\":[{\"@type\":\"ListItem\",\"position\":1,\"name\":\"Portada\",\"item\":\"https:\\\/\\\/tecnomobilepc.com\\\/\"},{\"@type\":\"ListItem\",\"position\":2,\"name\":\"Tienda\",\"item\":\"https:\\\/\\\/tecnomobilepc.com\\\/\"},{\"@type\":\"ListItem\",\"position\":3,\"name\":\"Samsung Galaxy S25 Ultra 256GB\"}]},{\"@type\":\"WebSite\",\"@id\":\"https:\\\/\\\/tecnomobilepc.com\\\/#website\",\"url\":\"https:\\\/\\\/tecnomobilepc.com\\\/\",\"name\":\"TecnomobilePC\",\"description\":\"Ofrecemos una amplia gama de productos de las mejores marcas y un servicio t&eacute;cnico especializado para mantener tus dispositivos en &oacute;ptimas condiciones.\",\"publisher\":{\"@id\":\"https:\\\/\\\/tecnomobilepc.com\\\/#organization\"},\"potentialAction\":[{\"@type\":\"SearchAction\",\"target\":{\"@type\":\"EntryPoint\",\"urlTemplate\":\"https:\\\/\\\/tecnomobilepc.com\\\/?s={search_term_string}\"},\"query-input\":{\"@type\":\"PropertyValueSpecification\",\"valueRequired\":true,\"valueName\":\"search_term_string\"}}],\"inLanguage\":\"es\"},{\"@type\":\"Organization\",\"@id\":\"https:\\\/\\\/tecnomobilepc.com\\\/#organization\",\"name\":\"TecnomobilePC\",\"url\":\"https:\\\/\\\/tecnomobilepc.com\\\/\",\"logo\":{\"@type\":\"ImageObject\",\"inLanguage\":\"es\",\"@id\":\"https:\\\/\\\/tecnomobilepc.com\\\/#\\\/schema\\\/logo\\\/image\\\/\",\"url\":\"https:\\\/\\\/tecnomobilepc.com\\\/wp-content\\\/uploads\\\/2024\\\/11\\\/cropped-WhatsApp-Image-2024-11-16-at-02.36.01.jpeg\",\"contentUrl\":\"https:\\\/\\\/tecnomobilepc.com\\\/wp-content\\\/uploads\\\/2024\\\/11\\\/cropped-WhatsApp-Image-2024-11-16-at-02.36.01.jpeg\",\"width\":512,\"height\":512,\"caption\":\"TecnomobilePC\"},\"image\":{\"@id\":\"https:\\\/\\\/tecnomobilepc.com\\\/#\\\/schema\\\/logo\\\/image\\\/\"},\"sameAs\":[\"https:\\\/\\\/www.facebook.com\\\/p\\\/TecnoMobilePC-100070504704026\\\/?locale=es_LA\",\"https:\\\/\\\/www.instagram.com\\\/tecnomobilepc\\\/\",\"https:\\\/\\\/www.tiktok.com\\\/@tecnomobilepc_\"]}]}<\/script>\n<!-- \/ Yoast SEO plugin. -->","yoast_head_json":{"title":"Samsung Galaxy S25 Ultra 256GB - TecnomobilePC","description":"alaxy AILa gama Samsung Galaxy S25 cuenta con muchas nuevas funciones Galaxy AI. Estas funciones hacen que el uso de tu smartphone sea m\u00e1s f\u00e1cil y eficiente. La nueva funci\u00f3n Cross-app action te permite realizar varias acciones a la vez mediante comandos de voz, sin tener que abrir t\u00fa mismo todas las aplicaciones necesarias. Con la nueva funci\u00f3n Now Brief, puedes ver de un vistazo informaci\u00f3n relevante sobre c\u00f3mo has dormido, qu\u00e9 aspecto tiene tu d\u00eda, as\u00ed como actualizaciones sobre tu programa o podcast favorito.Como el procesador y las c\u00e1maras est\u00e1n potenciados por funciones de IA como el Proscaler, que mejora la calidad de imagen, y el ProVisual Engine, que lleva tus procesos creativos a un nuevo nivel, sacar\u00e1s el m\u00e1ximo partido a tu Galaxy S25 Ultra. Por supuesto, tampoco faltan en la serie Samsung Galaxy S25 las ya conocidas funciones de IA de Galaxy como Note Assist, Chat Assist y Call Assist.","robots":{"index":"index","follow":"follow","max-snippet":"max-snippet:-1","max-image-preview":"max-image-preview:large","max-video-preview":"max-video-preview:-1"},"canonical":"https:\/\/tecnomobilepc.com\/index.php\/producto\/samsung-galaxy-s25-ultra-256gb\/","og_locale":"es_ES","og_type":"article","og_title":"Samsung Galaxy S25 Ultra 256GB - TecnomobilePC","og_description":"alaxy AILa gama Samsung Galaxy S25 cuenta con muchas nuevas funciones Galaxy AI. Estas funciones hacen que el uso de tu smartphone sea m\u00e1s f\u00e1cil y eficiente. La nueva funci\u00f3n Cross-app action te permite realizar varias acciones a la vez mediante comandos de voz, sin tener que abrir t\u00fa mismo todas las aplicaciones necesarias. Con la nueva funci\u00f3n Now Brief, puedes ver de un vistazo informaci\u00f3n relevante sobre c\u00f3mo has dormido, qu\u00e9 aspecto tiene tu d\u00eda, as\u00ed como actualizaciones sobre tu programa o podcast favorito.Como el procesador y las c\u00e1maras est\u00e1n potenciados por funciones de IA como el Proscaler, que mejora la calidad de imagen, y el ProVisual Engine, que lleva tus procesos creativos a un nuevo nivel, sacar\u00e1s el m\u00e1ximo partido a tu Galaxy S25 Ultra. Por supuesto, tampoco faltan en la serie Samsung Galaxy S25 las ya conocidas funciones de IA de Galaxy como Note Assist, Chat Assist y Call Assist.","og_url":"https:\/\/tecnomobilepc.com\/index.php\/producto\/samsung-galaxy-s25-ultra-256gb\/","og_site_name":"TecnomobilePC","article_publisher":"https:\/\/www.facebook.com\/p\/TecnoMobilePC-100070504704026\/?locale=es_LA","article_modified_time":"2025-03-14T17:58:32+00:00","og_image":[{"width":1024,"height":683,"url":"https:\/\/tecnomobilepc.com\/wp-content\/uploads\/2025\/03\/galaxy-s25-ultra-negro-1024x683.png","type":"image\/png"}],"twitter_card":"summary_large_image","twitter_misc":{"Tiempo de lectura":"1 minuto"},"schema":{"@context":"https:\/\/schema.org","@graph":[{"@type":"WebPage","@id":"https:\/\/tecnomobilepc.com\/index.php\/producto\/samsung-galaxy-s25-ultra-256gb\/","url":"https:\/\/tecnomobilepc.com\/index.php\/producto\/samsung-galaxy-s25-ultra-256gb\/","name":"Samsung Galaxy S25 Ultra 256GB - TecnomobilePC","isPartOf":{"@id":"https:\/\/tecnomobilepc.com\/#website"},"primaryImageOfPage":{"@id":"https:\/\/tecnomobilepc.com\/index.php\/producto\/samsung-galaxy-s25-ultra-256gb\/#primaryimage"},"image":{"@id":"https:\/\/tecnomobilepc.com\/index.php\/producto\/samsung-galaxy-s25-ultra-256gb\/#primaryimage"},"thumbnailUrl":"https:\/\/tecnomobilepc.com\/wp-content\/uploads\/2025\/03\/galaxy-s25-ultra-negro.png","datePublished":"2025-03-14T17:39:37+00:00","dateModified":"2025-03-14T17:58:32+00:00","description":"alaxy AILa gama Samsung Galaxy S25 cuenta con muchas nuevas funciones Galaxy AI. Estas funciones hacen que el uso de tu smartphone sea m\u00e1s f\u00e1cil y eficiente. La nueva funci\u00f3n Cross-app action te permite realizar varias acciones a la vez mediante comandos de voz, sin tener que abrir t\u00fa mismo todas las aplicaciones necesarias. Con la nueva funci\u00f3n Now Brief, puedes ver de un vistazo informaci\u00f3n relevante sobre c\u00f3mo has dormido, qu\u00e9 aspecto tiene tu d\u00eda, as\u00ed como actualizaciones sobre tu programa o podcast favorito.Como el procesador y las c\u00e1maras est\u00e1n potenciados por funciones de IA como el Proscaler, que mejora la calidad de imagen, y el ProVisual Engine, que lleva tus procesos creativos a un nuevo nivel, sacar\u00e1s el m\u00e1ximo partido a tu Galaxy S25 Ultra. Por supuesto, tampoco faltan en la serie Samsung Galaxy S25 las ya conocidas funciones de IA de Galaxy como Note Assist, Chat Assist y Call Assist.","breadcrumb":{"@id":"https:\/\/tecnomobilepc.com\/index.php\/producto\/samsung-galaxy-s25-ultra-256gb\/#breadcrumb"},"inLanguage":"es","potentialAction":[{"@type":"ReadAction","target":["https:\/\/tecnomobilepc.com\/index.php\/producto\/samsung-galaxy-s25-ultra-256gb\/"]}]},{"@type":"ImageObject","inLanguage":"es","@id":"https:\/\/tecnomobilepc.com\/index.php\/producto\/samsung-galaxy-s25-ultra-256gb\/#primaryimage","url":"https:\/\/tecnomobilepc.com\/wp-content\/uploads\/2025\/03\/galaxy-s25-ultra-negro.png","contentUrl":"https:\/\/tecnomobilepc.com\/wp-content\/uploads\/2025\/03\/galaxy-s25-ultra-negro.png","width":3000,"height":2000},{"@type":"BreadcrumbList","@id":"https:\/\/tecnomobilepc.com\/index.php\/producto\/samsung-galaxy-s25-ultra-256gb\/#breadcrumb","itemListElement":[{"@type":"ListItem","position":1,"name":"Portada","item":"https:\/\/tecnomobilepc.com\/"},{"@type":"ListItem","position":2,"name":"Tienda","item":"https:\/\/tecnomobilepc.com\/"},{"@type":"ListItem","position":3,"name":"Samsung Galaxy S25 Ultra 256GB"}]},{"@type":"WebSite","@id":"https:\/\/tecnomobilepc.com\/#website","url":"https:\/\/tecnomobilepc.com\/","name":"TecnomobilePC","description":"Ofrecemos una amplia gama de productos de las mejores marcas y un servicio t&eacute;cnico especializado para mantener tus dispositivos en &oacute;ptimas condiciones.","publisher":{"@id":"https:\/\/tecnomobilepc.com\/#organization"},"potentialAction":[{"@type":"SearchAction","target":{"@type":"EntryPoint","urlTemplate":"https:\/\/tecnomobilepc.com\/?s={search_term_string}"},"query-input":{"@type":"PropertyValueSpecification","valueRequired":true,"valueName":"search_term_string"}}],"inLanguage":"es"},{"@type":"Organization","@id":"https:\/\/tecnomobilepc.com\/#organization","name":"TecnomobilePC","url":"https:\/\/tecnomobilepc.com\/","logo":{"@type":"ImageObject","inLanguage":"es","@id":"https:\/\/tecnomobilepc.com\/#\/schema\/logo\/image\/","url":"https:\/\/tecnomobilepc.com\/wp-content\/uploads\/2024\/11\/cropped-WhatsApp-Image-2024-11-16-at-02.36.01.jpeg","contentUrl":"https:\/\/tecnomobilepc.com\/wp-content\/uploads\/2024\/11\/cropped-WhatsApp-Image-2024-11-16-at-02.36.01.jpeg","width":512,"height":512,"caption":"TecnomobilePC"},"image":{"@id":"https:\/\/tecnomobilepc.com\/#\/schema\/logo\/image\/"},"sameAs":["https:\/\/www.facebook.com\/p\/TecnoMobilePC-100070504704026\/?locale=es_LA","https:\/\/www.instagram.com\/tecnomobilepc\/","https:\/\/www.tiktok.com\/@tecnomobilepc_"]}]}},"_links":{"self":[{"href":"https:\/\/tecnomobilepc.com\/index.php\/wp-json\/wp\/v2\/product\/792","targetHints":{"allow":["GET"]}}],"collection":[{"href":"https:\/\/tecnomobilepc.com\/index.php\/wp-json\/wp\/v2\/product"}],"about":[{"href":"https:\/\/tecnomobilepc.com\/index.php\/wp-json\/wp\/v2\/types\/product"}],"wp:featuredmedia":[{"embeddable":true,"href":"https:\/\/tecnomobilepc.com\/index.php\/wp-json\/wp\/v2\/media\/803"}],"wp:attachment":[{"href":"https:\/\/tecnomobilepc.com\/index.php\/wp-json\/wp\/v2\/media?parent=792"}],"wp:term":[{"taxonomy":"product_brand","embeddable":true,"href":"https:\/\/tecnomobilepc.com\/index.php\/wp-json\/wp\/v2\/product_brand?post=792"},{"taxonomy":"product_cat","embeddable":true,"href":"https:\/\/tecnomobilepc.com\/index.php\/wp-json\/wp\/v2\/product_cat?post=792"},{"taxonomy":"product_tag","embeddable":true,"href":"https:\/\/tecnomobilepc.com\/index.php\/wp-json\/wp\/v2\/product_tag?post=792"}],"curies":[{"name":"wp","href":"https:\/\/api.w.org\/{rel}","templated":true}]}}