{"id":807,"date":"2025-03-23T15:56:04","date_gmt":"2025-03-23T15:56:04","guid":{"rendered":"https:\/\/tecnomobilepc.com\/?post_type=product&#038;p=807"},"modified":"2025-04-02T11:07:27","modified_gmt":"2025-04-02T11:07:27","slug":"pantalla-iphone-16-soft-oled","status":"publish","type":"product","link":"https:\/\/tecnomobilepc.com\/index.php\/producto\/pantalla-iphone-16-soft-oled\/","title":{"rendered":"Pantalla iPhone 16 Soft Oled"},"content":{"rendered":"<div class=\"min-h-8 text-message flex w-full flex-col items-end gap-2 whitespace-normal break-words [.text-message+&amp;]:mt-5\" dir=\"auto\" data-message-author-role=\"assistant\" data-message-id=\"6f51b55c-b863-41c5-954f-3c0f4e50be06\" data-message-model-slug=\"gpt-4o\">\n<div class=\"flex w-full flex-col gap-1 empty:hidden first:pt-[3px]\">\n<div class=\"markdown prose w-full break-words dark:prose-invert light\">\n<h1><strong>Pantallas compatibles con iPhone Soft OLED: rendimiento cercano al original<\/strong><\/h1>\n<ul>\n<li><strong>Calidad de visualizaci\u00f3n incomparable<\/strong>\u00a0: las pantallas OLED suaves est\u00e1n dise\u00f1adas para brindar una experiencia visual excepcional, lo m\u00e1s cercana posible a las pantallas originales de Apple. Gracias a su sustrato flexible, estas pantallas garantizan colores fieles, negros profundos y contrastes precisos, para una calidad de imagen inmersiva adecuada para reparaciones de alta gama.<\/li>\n<\/ul>\n<ul>\n<li><strong>Flexibilidad y durabilidad<\/strong>\u00a0: El sustrato flexible de las pantallas Soft OLED les otorga una flexibilidad \u00f3ptima, reduciendo el riesgo de rotura durante la instalaci\u00f3n. Esta caracter\u00edstica tambi\u00e9n mejora su ajuste en el dispositivo, garantizando una mayor durabilidad y un rendimiento estable a largo plazo.<\/li>\n<\/ul>\n<ul>\n<li><strong>Instalaci\u00f3n simplificada<\/strong>\u00a0: para facilitar sus reparaciones, las pantallas Soft OLED vienen con adhesivos de sellado y soportes de respaldo preinstalados. Esto le ahorra tiempo y garantiza una instalaci\u00f3n profesional en todo momento.<\/li>\n<\/ul>\n<ul>\n<li><strong>Lo mejor de lo compatible<\/strong>\u00a0\u00a0: con una calidad cercana al original y caracter\u00edsticas t\u00e9cnicas avanzadas, las pantallas Soft OLED son la soluci\u00f3n ideal para satisfacer las expectativas de los clientes m\u00e1s exigentes optimizando al mismo tiempo su rendimiento en el taller.<\/li>\n<\/ul>\n<ul>\n<li><strong>Calidad controlada y dominada<\/strong>\u00a0: cada pantalla Soft OLED que ofrecemos es probada meticulosamente una por una por nuestro equipo de calidad interno. A diferencia de otros actores que simplemente conf\u00edan en los fabricantes, hemos optado por internalizar este paso crucial. Esto nos permite garantizar que cada pantalla cumple rigurosamente nuestras exigentes especificaciones. Esta comprobaci\u00f3n exhaustiva garantiza que s\u00f3lo pantallas excelentes, que cumplen con nuestros altos est\u00e1ndares, lleguen a sus manos. Un compromiso adicional para ofrecerle una confiabilidad impecable en cada instalaci\u00f3n.<\/li>\n<\/ul>\n<\/div>\n<\/div>\n<\/div>\n","protected":false},"excerpt":{"rendered":"<p>Estas pantallas est\u00e1 calibrada para ofrecer una calidad de imagen excepcional. Utilizando tecnolog\u00eda de \u00faltima generaci\u00f3n, estas pantallas aseguran una visualizaci\u00f3n clara y detallada, con colores precisos y un brillo \u00f3ptimo que mejora la experiencia de uso diario.<\/p>\n","protected":false},"featured_media":754,"template":"","meta":{"_et_pb_use_builder":"","_et_pb_old_content":"","_et_gb_content_width":"","_joinchat":[]},"product_brand":[],"product_cat":[152,18,19,148],"product_tag":[153,162,69,21,73,20,72],"class_list":{"0":"post-807","1":"product","2":"type-product","3":"status-publish","4":"has-post-thumbnail","6":"product_cat-repuesto-pantalla-iphone-16","7":"product_cat-repuestos","8":"product_cat-apple","9":"product_cat-iphone-16","10":"product_tag-153","11":"product_tag-apple","12":"product_tag-calidad","13":"product_tag-iphone","14":"product_tag-original","15":"product_tag-pantalla","16":"product_tag-repuesto","18":"first","19":"instock","20":"sale","21":"shipping-taxable","22":"purchasable","23":"product-type-simple"},"yoast_head":"<!-- This site is optimized with the Yoast SEO plugin v26.6 - https:\/\/yoast.com\/wordpress\/plugins\/seo\/ -->\n<title>Pantalla iPhone 16 Soft Oled - TecnomobilePC<\/title>\n<meta name=\"description\" content=\"Estas pantallas est\u00e1 calibrada para ofrecer una calidad de imagen excepcional. Utilizando tecnolog\u00eda de \u00faltima generaci\u00f3n, estas pantallas aseguran una visualizaci\u00f3n clara y detallada, con colores precisos y un brillo \u00f3ptimo que mejora la experiencia de uso diario.\" \/>\n<meta name=\"robots\" content=\"index, follow, max-snippet:-1, max-image-preview:large, max-video-preview:-1\" \/>\n<link rel=\"canonical\" href=\"https:\/\/tecnomobilepc.com\/index.php\/producto\/pantalla-iphone-16-soft-oled\/\" \/>\n<meta property=\"og:locale\" content=\"es_ES\" \/>\n<meta property=\"og:type\" content=\"article\" \/>\n<meta property=\"og:title\" content=\"Pantalla iPhone 16 Soft Oled - TecnomobilePC\" \/>\n<meta property=\"og:description\" content=\"Estas pantallas est\u00e1 calibrada para ofrecer una calidad de imagen excepcional. Utilizando tecnolog\u00eda de \u00faltima generaci\u00f3n, estas pantallas aseguran una visualizaci\u00f3n clara y detallada, con colores precisos y un brillo \u00f3ptimo que mejora la experiencia de uso diario.\" \/>\n<meta property=\"og:url\" content=\"https:\/\/tecnomobilepc.com\/index.php\/producto\/pantalla-iphone-16-soft-oled\/\" \/>\n<meta property=\"og:site_name\" content=\"TecnomobilePC\" \/>\n<meta property=\"article:publisher\" content=\"https:\/\/www.facebook.com\/p\/TecnoMobilePC-100070504704026\/?locale=es_LA\" \/>\n<meta property=\"article:modified_time\" content=\"2025-04-02T11:07:27+00:00\" \/>\n<meta property=\"og:image\" content=\"https:\/\/tecnomobilepc.com\/wp-content\/uploads\/2025\/02\/pantalla-iphone-16.jpg\" \/>\n\t<meta property=\"og:image:width\" content=\"420\" \/>\n\t<meta property=\"og:image:height\" content=\"420\" \/>\n\t<meta property=\"og:image:type\" content=\"image\/jpeg\" \/>\n<meta name=\"twitter:card\" content=\"summary_large_image\" \/>\n<meta name=\"twitter:label1\" content=\"Tiempo de lectura\" \/>\n\t<meta name=\"twitter:data1\" content=\"2 minutos\" \/>\n<script type=\"application\/ld+json\" class=\"yoast-schema-graph\">{\"@context\":\"https:\/\/schema.org\",\"@graph\":[{\"@type\":\"WebPage\",\"@id\":\"https:\/\/tecnomobilepc.com\/index.php\/producto\/pantalla-iphone-16-soft-oled\/\",\"url\":\"https:\/\/tecnomobilepc.com\/index.php\/producto\/pantalla-iphone-16-soft-oled\/\",\"name\":\"Pantalla iPhone 16 Soft Oled - TecnomobilePC\",\"isPartOf\":{\"@id\":\"https:\/\/tecnomobilepc.com\/#website\"},\"primaryImageOfPage\":{\"@id\":\"https:\/\/tecnomobilepc.com\/index.php\/producto\/pantalla-iphone-16-soft-oled\/#primaryimage\"},\"image\":{\"@id\":\"https:\/\/tecnomobilepc.com\/index.php\/producto\/pantalla-iphone-16-soft-oled\/#primaryimage\"},\"thumbnailUrl\":\"https:\/\/tecnomobilepc.com\/wp-content\/uploads\/2025\/02\/pantalla-iphone-16.jpg\",\"datePublished\":\"2025-03-23T15:56:04+00:00\",\"dateModified\":\"2025-04-02T11:07:27+00:00\",\"description\":\"Estas pantallas est\u00e1 calibrada para ofrecer una calidad de imagen excepcional. Utilizando tecnolog\u00eda de \u00faltima generaci\u00f3n, estas pantallas aseguran una visualizaci\u00f3n clara y detallada, con colores precisos y un brillo \u00f3ptimo que mejora la experiencia de uso diario.\",\"breadcrumb\":{\"@id\":\"https:\/\/tecnomobilepc.com\/index.php\/producto\/pantalla-iphone-16-soft-oled\/#breadcrumb\"},\"inLanguage\":\"es\",\"potentialAction\":[{\"@type\":\"ReadAction\",\"target\":[\"https:\/\/tecnomobilepc.com\/index.php\/producto\/pantalla-iphone-16-soft-oled\/\"]}]},{\"@type\":\"ImageObject\",\"inLanguage\":\"es\",\"@id\":\"https:\/\/tecnomobilepc.com\/index.php\/producto\/pantalla-iphone-16-soft-oled\/#primaryimage\",\"url\":\"https:\/\/tecnomobilepc.com\/wp-content\/uploads\/2025\/02\/pantalla-iphone-16.jpg\",\"contentUrl\":\"https:\/\/tecnomobilepc.com\/wp-content\/uploads\/2025\/02\/pantalla-iphone-16.jpg\",\"width\":420,\"height\":420},{\"@type\":\"BreadcrumbList\",\"@id\":\"https:\/\/tecnomobilepc.com\/index.php\/producto\/pantalla-iphone-16-soft-oled\/#breadcrumb\",\"itemListElement\":[{\"@type\":\"ListItem\",\"position\":1,\"name\":\"Portada\",\"item\":\"https:\/\/tecnomobilepc.com\/\"},{\"@type\":\"ListItem\",\"position\":2,\"name\":\"Tienda\",\"item\":\"https:\/\/tecnomobilepc.com\/\"},{\"@type\":\"ListItem\",\"position\":3,\"name\":\"Pantalla iPhone 16 Soft Oled\"}]},{\"@type\":\"WebSite\",\"@id\":\"https:\/\/tecnomobilepc.com\/#website\",\"url\":\"https:\/\/tecnomobilepc.com\/\",\"name\":\"TecnomobilePC\",\"description\":\"Ofrecemos una amplia gama de productos de las mejores marcas y un servicio t&eacute;cnico especializado para mantener tus dispositivos en &oacute;ptimas condiciones.\",\"publisher\":{\"@id\":\"https:\/\/tecnomobilepc.com\/#organization\"},\"potentialAction\":[{\"@type\":\"SearchAction\",\"target\":{\"@type\":\"EntryPoint\",\"urlTemplate\":\"https:\/\/tecnomobilepc.com\/?s={search_term_string}\"},\"query-input\":{\"@type\":\"PropertyValueSpecification\",\"valueRequired\":true,\"valueName\":\"search_term_string\"}}],\"inLanguage\":\"es\"},{\"@type\":\"Organization\",\"@id\":\"https:\/\/tecnomobilepc.com\/#organization\",\"name\":\"TecnomobilePC\",\"url\":\"https:\/\/tecnomobilepc.com\/\",\"logo\":{\"@type\":\"ImageObject\",\"inLanguage\":\"es\",\"@id\":\"https:\/\/tecnomobilepc.com\/#\/schema\/logo\/image\/\",\"url\":\"https:\/\/tecnomobilepc.com\/wp-content\/uploads\/2024\/11\/cropped-WhatsApp-Image-2024-11-16-at-02.36.01.jpeg\",\"contentUrl\":\"https:\/\/tecnomobilepc.com\/wp-content\/uploads\/2024\/11\/cropped-WhatsApp-Image-2024-11-16-at-02.36.01.jpeg\",\"width\":512,\"height\":512,\"caption\":\"TecnomobilePC\"},\"image\":{\"@id\":\"https:\/\/tecnomobilepc.com\/#\/schema\/logo\/image\/\"},\"sameAs\":[\"https:\/\/www.facebook.com\/p\/TecnoMobilePC-100070504704026\/?locale=es_LA\",\"https:\/\/www.instagram.com\/tecnomobilepc\/\",\"https:\/\/www.tiktok.com\/@tecnomobilepc_\"]}]}<\/script>\n<!-- \/ Yoast SEO plugin. -->","yoast_head_json":{"title":"Pantalla iPhone 16 Soft Oled - TecnomobilePC","description":"Estas pantallas est\u00e1 calibrada para ofrecer una calidad de imagen excepcional. Utilizando tecnolog\u00eda de \u00faltima generaci\u00f3n, estas pantallas aseguran una visualizaci\u00f3n clara y detallada, con colores precisos y un brillo \u00f3ptimo que mejora la experiencia de uso diario.","robots":{"index":"index","follow":"follow","max-snippet":"max-snippet:-1","max-image-preview":"max-image-preview:large","max-video-preview":"max-video-preview:-1"},"canonical":"https:\/\/tecnomobilepc.com\/index.php\/producto\/pantalla-iphone-16-soft-oled\/","og_locale":"es_ES","og_type":"article","og_title":"Pantalla iPhone 16 Soft Oled - TecnomobilePC","og_description":"Estas pantallas est\u00e1 calibrada para ofrecer una calidad de imagen excepcional. Utilizando tecnolog\u00eda de \u00faltima generaci\u00f3n, estas pantallas aseguran una visualizaci\u00f3n clara y detallada, con colores precisos y un brillo \u00f3ptimo que mejora la experiencia de uso diario.","og_url":"https:\/\/tecnomobilepc.com\/index.php\/producto\/pantalla-iphone-16-soft-oled\/","og_site_name":"TecnomobilePC","article_publisher":"https:\/\/www.facebook.com\/p\/TecnoMobilePC-100070504704026\/?locale=es_LA","article_modified_time":"2025-04-02T11:07:27+00:00","og_image":[{"width":420,"height":420,"url":"https:\/\/tecnomobilepc.com\/wp-content\/uploads\/2025\/02\/pantalla-iphone-16.jpg","type":"image\/jpeg"}],"twitter_card":"summary_large_image","twitter_misc":{"Tiempo de lectura":"2 minutos"},"schema":{"@context":"https:\/\/schema.org","@graph":[{"@type":"WebPage","@id":"https:\/\/tecnomobilepc.com\/index.php\/producto\/pantalla-iphone-16-soft-oled\/","url":"https:\/\/tecnomobilepc.com\/index.php\/producto\/pantalla-iphone-16-soft-oled\/","name":"Pantalla iPhone 16 Soft Oled - TecnomobilePC","isPartOf":{"@id":"https:\/\/tecnomobilepc.com\/#website"},"primaryImageOfPage":{"@id":"https:\/\/tecnomobilepc.com\/index.php\/producto\/pantalla-iphone-16-soft-oled\/#primaryimage"},"image":{"@id":"https:\/\/tecnomobilepc.com\/index.php\/producto\/pantalla-iphone-16-soft-oled\/#primaryimage"},"thumbnailUrl":"https:\/\/tecnomobilepc.com\/wp-content\/uploads\/2025\/02\/pantalla-iphone-16.jpg","datePublished":"2025-03-23T15:56:04+00:00","dateModified":"2025-04-02T11:07:27+00:00","description":"Estas pantallas est\u00e1 calibrada para ofrecer una calidad de imagen excepcional. Utilizando tecnolog\u00eda de \u00faltima generaci\u00f3n, estas pantallas aseguran una visualizaci\u00f3n clara y detallada, con colores precisos y un brillo \u00f3ptimo que mejora la experiencia de uso diario.","breadcrumb":{"@id":"https:\/\/tecnomobilepc.com\/index.php\/producto\/pantalla-iphone-16-soft-oled\/#breadcrumb"},"inLanguage":"es","potentialAction":[{"@type":"ReadAction","target":["https:\/\/tecnomobilepc.com\/index.php\/producto\/pantalla-iphone-16-soft-oled\/"]}]},{"@type":"ImageObject","inLanguage":"es","@id":"https:\/\/tecnomobilepc.com\/index.php\/producto\/pantalla-iphone-16-soft-oled\/#primaryimage","url":"https:\/\/tecnomobilepc.com\/wp-content\/uploads\/2025\/02\/pantalla-iphone-16.jpg","contentUrl":"https:\/\/tecnomobilepc.com\/wp-content\/uploads\/2025\/02\/pantalla-iphone-16.jpg","width":420,"height":420},{"@type":"BreadcrumbList","@id":"https:\/\/tecnomobilepc.com\/index.php\/producto\/pantalla-iphone-16-soft-oled\/#breadcrumb","itemListElement":[{"@type":"ListItem","position":1,"name":"Portada","item":"https:\/\/tecnomobilepc.com\/"},{"@type":"ListItem","position":2,"name":"Tienda","item":"https:\/\/tecnomobilepc.com\/"},{"@type":"ListItem","position":3,"name":"Pantalla iPhone 16 Soft Oled"}]},{"@type":"WebSite","@id":"https:\/\/tecnomobilepc.com\/#website","url":"https:\/\/tecnomobilepc.com\/","name":"TecnomobilePC","description":"Ofrecemos una amplia gama de productos de las mejores marcas y un servicio t&eacute;cnico especializado para mantener tus dispositivos en &oacute;ptimas condiciones.","publisher":{"@id":"https:\/\/tecnomobilepc.com\/#organization"},"potentialAction":[{"@type":"SearchAction","target":{"@type":"EntryPoint","urlTemplate":"https:\/\/tecnomobilepc.com\/?s={search_term_string}"},"query-input":{"@type":"PropertyValueSpecification","valueRequired":true,"valueName":"search_term_string"}}],"inLanguage":"es"},{"@type":"Organization","@id":"https:\/\/tecnomobilepc.com\/#organization","name":"TecnomobilePC","url":"https:\/\/tecnomobilepc.com\/","logo":{"@type":"ImageObject","inLanguage":"es","@id":"https:\/\/tecnomobilepc.com\/#\/schema\/logo\/image\/","url":"https:\/\/tecnomobilepc.com\/wp-content\/uploads\/2024\/11\/cropped-WhatsApp-Image-2024-11-16-at-02.36.01.jpeg","contentUrl":"https:\/\/tecnomobilepc.com\/wp-content\/uploads\/2024\/11\/cropped-WhatsApp-Image-2024-11-16-at-02.36.01.jpeg","width":512,"height":512,"caption":"TecnomobilePC"},"image":{"@id":"https:\/\/tecnomobilepc.com\/#\/schema\/logo\/image\/"},"sameAs":["https:\/\/www.facebook.com\/p\/TecnoMobilePC-100070504704026\/?locale=es_LA","https:\/\/www.instagram.com\/tecnomobilepc\/","https:\/\/www.tiktok.com\/@tecnomobilepc_"]}]}},"_links":{"self":[{"href":"https:\/\/tecnomobilepc.com\/index.php\/wp-json\/wp\/v2\/product\/807","targetHints":{"allow":["GET"]}}],"collection":[{"href":"https:\/\/tecnomobilepc.com\/index.php\/wp-json\/wp\/v2\/product"}],"about":[{"href":"https:\/\/tecnomobilepc.com\/index.php\/wp-json\/wp\/v2\/types\/product"}],"wp:featuredmedia":[{"embeddable":true,"href":"https:\/\/tecnomobilepc.com\/index.php\/wp-json\/wp\/v2\/media\/754"}],"wp:attachment":[{"href":"https:\/\/tecnomobilepc.com\/index.php\/wp-json\/wp\/v2\/media?parent=807"}],"wp:term":[{"taxonomy":"product_brand","embeddable":true,"href":"https:\/\/tecnomobilepc.com\/index.php\/wp-json\/wp\/v2\/product_brand?post=807"},{"taxonomy":"product_cat","embeddable":true,"href":"https:\/\/tecnomobilepc.com\/index.php\/wp-json\/wp\/v2\/product_cat?post=807"},{"taxonomy":"product_tag","embeddable":true,"href":"https:\/\/tecnomobilepc.com\/index.php\/wp-json\/wp\/v2\/product_tag?post=807"}],"curies":[{"name":"wp","href":"https:\/\/api.w.org\/{rel}","templated":true}]}}